{"id":3128,"date":"2026-02-16T22:22:14","date_gmt":"2026-02-16T22:22:14","guid":{"rendered":"https:\/\/consejoguerrero.gob.mx\/cpp\/?page_id=3128"},"modified":"2026-02-25T19:27:02","modified_gmt":"2026-02-25T19:27:02","slug":"tecnm2026","status":"publish","type":"page","link":"https:\/\/consejoguerrero.gob.mx\/cpp\/tecnm2026","title":{"rendered":"Consejo Guerrero TecNM Campus Acapulco"},"content":{"rendered":"<h2 class=\" wp-block-heading eplus-wrapper eplus-styles-uid-2fb16e\">Conferencia TecNM Campus Acapulco Febrero 2026<\/h2>\n\n\n<p class=\" eplus-wrapper\"><\/p>\n\n\n<p class=\" eplus-wrapper eplus-styles-uid-248b7d\"><strong>Presentaci\u00f3n Guerrero en el Espacio: Innovaci\u00f3n, Ciencia y Futuro de M\u00e9xico<\/strong><\/p>\n\n\n<div data-client-id=\"a88f42406801466e89edf3997a047fb5\" id=\"pdf-1\" class=\"wp-block-tropicalista-pdfembed\" style=\"height:500px\" data-api-key=\"\" data-file-name=\"PresentacionITAv2_20260224.pdf\" data-media-url=\"https:\/\/consejoguerrero.gob.mx\/cpp\/wp-content\/uploads\/2026\/02\/PresentacionITAv2_20260224.pdf\" data-show-download-pdf=\"true\" data-show-print-pdf=\"true\" data-show-thumbnails=\"true\" data-show-zoom-control=\"true\" data-default-view-mode=\"FIT_PAGE\"><\/div>\n\n\n\n<div class=\" wp-block-file eplus-wrapper\"><a id=\"wp-block-file--media-4f88d7e5-438f-43dd-a337-6fb57d12bdbf\" href=\"https:\/\/consejoguerrero.gob.mx\/cpp\/wp-content\/uploads\/2026\/02\/PresentacionITAv2_20260224.pdf\"><strong>Click aqu\u00ed para descargar la presentaci\u00f3n<\/strong><\/a><a href=\"https:\/\/consejoguerrero.gob.mx\/cpp\/wp-content\/uploads\/2026\/02\/PresentacionITAv2_20260224.pdf\" class=\"wp-block-file__button wp-element-button\" download aria-describedby=\"wp-block-file--media-4f88d7e5-438f-43dd-a337-6fb57d12bdbf\">Descarga<\/a><\/div>\n\n\n\n<p class=\" eplus-wrapper\"><\/p>\n\n\n<p class=\" eplus-wrapper eplus-styles-uid-248b7d\"><strong>Presentaci\u00f3n del Proyecto Guerrero en el Espacio<\/strong><\/p>\n\n\n<figure class=\" wp-block-video eplus-wrapper\"><video height=\"480\" style=\"aspect-ratio: 854 \/ 480;\" width=\"854\" controls src=\"https:\/\/consejoguerrero.gob.mx\/cpp\/wp-content\/uploads\/2026\/02\/Video-Guerrero-en-el-Espacio.mp4\"><\/video><\/figure>\n\n\n\n<p class=\" eplus-wrapper\"><\/p>\n\n\n<p class=\" eplus-wrapper eplus-styles-uid-248b7d\"><strong>Gu\u00eda Maestra STEM 2026<\/strong><\/p>\n\n\n<figure class=\" wp-block-video eplus-wrapper\"><video height=\"720\" style=\"aspect-ratio: 1280 \/ 720;\" width=\"1280\" controls src=\"https:\/\/consejoguerrero.gob.mx\/cpp\/wp-content\/uploads\/2026\/02\/Guia_Maestra_STEM_2026.mp4\"><\/video><\/figure>\n\n\n\n<p class=\" eplus-wrapper\"><\/p>\n\n\n<p class=\" eplus-wrapper eplus-styles-uid-ee2b0e\"><strong>Ruta Orbital STEM 2026<\/strong><\/p>\n\n\n<div data-client-id=\"a88f42406801466e89edf3997a047fb5\" id=\"pdf-2\" class=\"wp-block-tropicalista-pdfembed\" style=\"height:500px\" data-api-key=\"\" data-file-name=\"CPP_TecNM_Ruta_Orbital_STEM_2026.pdf\" data-media-url=\"https:\/\/consejoguerrero.gob.mx\/cpp\/wp-content\/uploads\/2026\/02\/CPP_TecNM_Ruta_Orbital_STEM_2026.pdf\" data-show-download-pdf=\"true\" data-show-print-pdf=\"true\" data-show-thumbnails=\"true\" data-show-zoom-control=\"true\" data-default-view-mode=\"FIT_PAGE\"><\/div>\n\n\n\n<div class=\" wp-block-file eplus-wrapper\"><a id=\"wp-block-file--media-5ca272a4-bbaa-41ea-a4c3-717232baa47d\" href=\"https:\/\/consejoguerrero.gob.mx\/cpp\/wp-content\/uploads\/2026\/02\/CPP_TecNM_Ruta_Orbital_STEM_2026.pdf\"><strong>Descarga aqu\u00ed la Ruta Orbital STEM<\/strong><\/a><a href=\"https:\/\/consejoguerrero.gob.mx\/cpp\/wp-content\/uploads\/2026\/02\/CPP_TecNM_Ruta_Orbital_STEM_2026.pdf\" class=\"wp-block-file__button wp-element-button\" download aria-describedby=\"wp-block-file--media-5ca272a4-bbaa-41ea-a4c3-717232baa47d\">Descarga<\/a><\/div>\n\n\n\n<p class=\" eplus-wrapper\"><\/p>\n\n\n<p class=\" eplus-wrapper eplus-styles-uid-248b7d\"><strong>Gu\u00eda de oportunidades globales STEM 2026<\/strong><\/p>\n\n\n<div data-client-id=\"a88f42406801466e89edf3997a047fb5\" id=\"pdf-3\" class=\"wp-block-tropicalista-pdfembed\" style=\"height:500px\" data-api-key=\"\" data-file-name=\"CPP_TecNM_oportunidades-globales-STEM-2026.pdf\" data-media-url=\"https:\/\/consejoguerrero.gob.mx\/cpp\/wp-content\/uploads\/2026\/02\/CPP_TecNM_oportunidades-globales-STEM-2026.pdf\" data-show-download-pdf=\"true\" data-show-print-pdf=\"true\" data-show-thumbnails=\"true\" data-show-zoom-control=\"true\" data-default-view-mode=\"FIT_PAGE\"><\/div>\n\n\n\n<div class=\" wp-block-file eplus-wrapper\"><a id=\"wp-block-file--media-50c9ee7b-5df6-4002-87e4-e57299a26760\" href=\"https:\/\/consejoguerrero.gob.mx\/cpp\/wp-content\/uploads\/2026\/02\/CPP_TecNM_oportunidades-globales-STEM-2026.pdf\"><strong>Descarga aqu\u00ed la Gu\u00eda de Oportunidades STEM 2026<\/strong><\/a><a href=\"https:\/\/consejoguerrero.gob.mx\/cpp\/wp-content\/uploads\/2026\/02\/CPP_TecNM_oportunidades-globales-STEM-2026.pdf\" class=\"wp-block-file__button wp-element-button\" download aria-describedby=\"wp-block-file--media-50c9ee7b-5df6-4002-87e4-e57299a26760\">Descarga<\/a><\/div>\n\n\n\n<p class=\" eplus-wrapper\"><\/p>\n\n\n<p class=\" eplus-wrapper eplus-styles-uid-ee2b0e\"><strong>Informaci\u00f3n t\u00e9cnica del Proyecto Colmena<\/strong><\/p>\n\n\n<div data-client-id=\"a88f42406801466e89edf3997a047fb5\" id=\"pdf-4\" class=\"wp-block-tropicalista-pdfembed\" style=\"height:500px\" data-api-key=\"\" data-file-name=\"Informacion-tecnica-del-Proyecto-Colmena.pdf\" data-media-url=\"https:\/\/consejoguerrero.gob.mx\/cpp\/wp-content\/uploads\/2026\/02\/Informacion-tecnica-del-Proyecto-Colmena.pdf\" data-show-download-pdf=\"true\" data-show-print-pdf=\"true\" data-show-thumbnails=\"true\" data-show-zoom-control=\"true\" data-default-view-mode=\"FIT_PAGE\"><\/div>\n\n\n\n<p class=\" eplus-wrapper\"><\/p>\n\n\n\n<p class=\" eplus-wrapper\"><\/p>\n","protected":false},"excerpt":{"rendered":"<p>Conferencia TecNM Campus Acapulco Febrero 2026 Presentaci\u00f3n Guerrero en el Espacio: Innovaci\u00f3n, Ciencia y Futuro de M\u00e9xico Presentaci\u00f3n del Proyecto Guerrero en el Espacio Gu\u00eda Maestra STEM 2026 Ruta Orbital &#8230;<\/p>\n","protected":false},"author":3,"featured_media":0,"parent":0,"menu_order":0,"comment_status":"closed","ping_status":"closed","template":"","meta":{"advgb_blocks_editor_width":"","advgb_blocks_columns_visual_guide":"","editor_plus_copied_stylings":"{}","footnotes":""},"class_list":["post-3128","page","type-page","status-publish","hentry"],"aioseo_notices":[],"featured_image_src":"","featured_image_src_square":false,"rbea_author_info":{"display_name":"Consejo Guerrero","author_link":"https:\/\/consejoguerrero.gob.mx\/cpp\/author\/consejo"},"rbea_excerpt_info":"Conferencia TecNM Campus Acapulco Febrero 2026 Presentaci\u00f3n Guerrero en el Espacio: Innovaci\u00f3n, Ciencia y Futuro de M\u00e9xico Presentaci\u00f3n del Proyecto Guerrero en el Espacio Gu\u00eda Maestra STEM 2026 Ruta Orbital ...","coauthors":[],"author_meta":{"author_link":"https:\/\/consejoguerrero.gob.mx\/cpp\/author\/consejo","display_name":"Consejo Guerrero"},"relative_dates":{"created":"Publicado 2 meses hace","modified":"Actualizado 2 meses hace"},"absolute_dates":{"created":"Publicado el febrero 16, 2026","modified":"Actualizado el febrero 25, 2026"},"absolute_dates_time":{"created":"Publicado el febrero 16, 2026 10:22 pm","modified":"Actualizado el febrero 25, 2026 7:27 pm"},"featured_img_caption":"","featured_img":false,"series_order":"","_links":{"self":[{"href":"https:\/\/consejoguerrero.gob.mx\/cpp\/wp-json\/wp\/v2\/pages\/3128","targetHints":{"allow":["GET"]}}],"collection":[{"href":"https:\/\/consejoguerrero.gob.mx\/cpp\/wp-json\/wp\/v2\/pages"}],"about":[{"href":"https:\/\/consejoguerrero.gob.mx\/cpp\/wp-json\/wp\/v2\/types\/page"}],"author":[{"embeddable":true,"href":"https:\/\/consejoguerrero.gob.mx\/cpp\/wp-json\/wp\/v2\/users\/3"}],"replies":[{"embeddable":true,"href":"https:\/\/consejoguerrero.gob.mx\/cpp\/wp-json\/wp\/v2\/comments?post=3128"}],"version-history":[{"count":31,"href":"https:\/\/consejoguerrero.gob.mx\/cpp\/wp-json\/wp\/v2\/pages\/3128\/revisions"}],"predecessor-version":[{"id":3298,"href":"https:\/\/consejoguerrero.gob.mx\/cpp\/wp-json\/wp\/v2\/pages\/3128\/revisions\/3298"}],"wp:attachment":[{"href":"https:\/\/consejoguerrero.gob.mx\/cpp\/wp-json\/wp\/v2\/media?parent=3128"}],"curies":[{"name":"wp","href":"https:\/\/api.w.org\/{rel}","templated":true}]}}