{"id":3070,"date":"2025-11-16T06:26:35","date_gmt":"2025-11-16T06:26:35","guid":{"rendered":"https:\/\/consejoguerrero.gob.mx\/cpp\/?page_id=3070"},"modified":"2025-11-27T17:07:08","modified_gmt":"2025-11-27T17:07:08","slug":"proyectos-sisged-gro","status":"publish","type":"page","link":"https:\/\/consejoguerrero.gob.mx\/cpp\/proyectos-sisged-gro","title":{"rendered":"Proyectos &#8211; SisGED-Gro"},"content":{"rendered":"<h2 class=\" wp-block-heading eplus-wrapper eplus-styles-uid-615cc5\">Sistema Integral de Gesti\u00f3n de Emergencias y Desastres\u00a0del Estado de Guerrero<\/h2>\n\n<div class=\"wp-block-image \">\n<figure class=\"aligncenter size-full is-resized eplus-wrapper\"><img loading=\"lazy\" decoding=\"async\" width=\"519\" height=\"484\" src=\"https:\/\/consejoguerrero.gob.mx\/cpp\/wp-content\/uploads\/2025\/11\/SisGEdD-Logo.png\" alt=\"\" class=\"wp-image-3072\" style=\"width:332px;height:auto\" srcset=\"https:\/\/consejoguerrero.gob.mx\/cpp\/wp-content\/uploads\/2025\/11\/SisGEdD-Logo.png 519w, https:\/\/consejoguerrero.gob.mx\/cpp\/wp-content\/uploads\/2025\/11\/SisGEdD-Logo-300x280.png 300w, https:\/\/consejoguerrero.gob.mx\/cpp\/wp-content\/uploads\/2025\/11\/SisGEdD-Logo-280x261.png 280w\" sizes=\"auto, (max-width: 519px) 100vw, 519px\" \/><\/figure>\n<\/div>\n\n<p class=\" eplus-wrapper eplus-styles-uid-ae19c7\">El\u00a0<strong>Sistema Integral de Gesti\u00f3n de Emergencias y Desastres del Estado de Guerrero (SisGED-GRO)<\/strong>, tiene como objetivo reducir vulnerabilidades e impactos de fen\u00f3menos naturales y antropog\u00e9nicos, y mitigar los efectos del Cambio Clim\u00e1tico. El SisGED-GRO se basa en un\u00a0<strong>An\u00e1lisis de Vulnerabilidad de Guerrero<\/strong>\u00a0que identifica factores geogr\u00e1ficos (alta sismicidad, extensa l\u00ednea costera, relieve complejo), socioecon\u00f3micos (pobreza, dependencia del turismo, crecimiento urbano desordenado) y ambientales (deforestaci\u00f3n, contaminaci\u00f3n, intensificaci\u00f3n del cambio clim\u00e1tico) que aumentan el riesgo. Tambi\u00e9n se\u00f1ala los impactos del cambio clim\u00e1tico (aumento del nivel del mar, eventos hidrometeorol\u00f3gicos extremos, cambios de temperatura) y la vulnerabilidad diferenciada por grupos de poblaci\u00f3n (mujeres, infancias y juventudes, personas mayores, comunidades ind\u00edgenas, personas con discapacidad).<\/p>\n\n<p class=\" eplus-wrapper eplus-styles-uid-ae19c7\">La\u00a0<strong>Arquitectura General del SisGED-GRO<\/strong>\u00a0se organiza en tres cl\u00fasteres interconectados:<\/p>\n\n<p class=\" eplus-wrapper eplus-styles-uid-ae19c7\"><strong>1. Cluster 1: Gesti\u00f3n Estrat\u00e9gica<\/strong><\/p>\n\n<ul class=\" wp-block-list eplus-wrapper eplus-styles-uid-92e9b7\"><li class=\" eplus-wrapper eplus-styles-uid-ae19c7\">Planifica a largo plazo y se alinea con marcos normativos internacional (Acuerdo de Par\u00eds, Agenda 2030, Marco de Sendai), nacional y local.<\/li><\/ul>\n\n<p class=\" eplus-wrapper eplus-styles-uid-ae19c7\"><strong>2. Cluster 2: Gesti\u00f3n Operacional<\/strong>Eje fundamental con tres Subsistemas:<\/p>\n\n<ul class=\" wp-block-list eplus-wrapper eplus-styles-uid-0ff1c9\">\n<li class=\" eplus-wrapper\"><strong>Subsistema de Prevenci\u00f3n y Mitigaci\u00f3n (SPM-Gro):<\/strong>\u00a0Busca reducir impactos y vulnerabilidades.<ul class=\" wp-block-list eplus-wrapper eplus-styles-uid-538b99\">\n<li class=\" eplus-wrapper\"><em>Proyecto Estrat\u00e9gico:<\/em>\u00a0<strong>Sistema de Alerta Temprana del Estado de Guerrero (SisAT-Gro)<\/strong>, una plataforma tecnol\u00f3gica que usa im\u00e1genes satelitales, sensores terrestres e Inteligencia Artificial para monitoreo en tiempo real y emisi\u00f3n de alertas oportunas.<\/li>\n\n\n\n<li class=\" eplus-wrapper\"><em>Otros proyectos:<\/em>\u00a0Programas educativos, Atlas de Riesgo Digital, y normativa de construcci\u00f3n resiliente.<\/li>\n<\/ul><\/li>\n\n\n\n<li class=\" eplus-wrapper\"><strong>Subsistema de Respuesta Inmediata y Ayuda Humanitaria (SRIAH-Gro):<\/strong>\u00a0Proporciona una respuesta r\u00e1pida y asistencia humanitaria.<ul class=\" wp-block-list eplus-wrapper eplus-styles-uid-6a285b\">\n<li class=\" eplus-wrapper\"><em>Proyecto Estrat\u00e9gico:<\/em>\u00a0<strong>Centro de Atenci\u00f3n Inmediata para Damnificados<\/strong>, una instalaci\u00f3n m\u00f3vil que utiliza energ\u00edas renovables y comunicaci\u00f3n satelital para brindar asistencia m\u00e9dica, recursos b\u00e1sicos, apoyo psicol\u00f3gico y refugio temporal.<\/li>\n<\/ul><\/li>\n\n\n\n<li class=\" eplus-wrapper\"><strong>Subsistema de Recuperaci\u00f3n y Reconstrucci\u00f3n (SRR-Gro):<\/strong>\u00a0Inicia las fases de recuperaci\u00f3n y reconstrucci\u00f3n sostenible y resiliente.<ul class=\" wp-block-list eplus-wrapper eplus-styles-uid-c4840a\">\n<li class=\" eplus-wrapper\"><em>Proyecto Estrat\u00e9gico:<\/em><strong>Reconstrucci\u00f3n resiliente: desarrollo de infraestructura para combatir el Cambio Clim\u00e1tico<\/strong>, que incluye la construcci\u00f3n de:<ul class=\" wp-block-list eplus-wrapper eplus-styles-uid-0ffd06\">\n<li class=\" eplus-wrapper\"><strong>Plantas de Tratamiento de Aguas Residuales<\/strong>\u00a0(Meta: 90% de aguas tratadas para 2030).<\/li>\n\n\n\n<li class=\" eplus-wrapper\"><strong>Plantas de Energ\u00eda Solar para Alumbrado P\u00fablico<\/strong>\u00a0(Meta: 100% con energ\u00eda solar para 2030).<\/li>\n\n\n\n<li class=\" eplus-wrapper\"><strong>Plantas de Energ\u00eda Solar para Sistemas de Agua Potable<\/strong>\u00a0(Meta: 80% con energ\u00eda solar para 2030).<\/li>\n\n\n\n<li class=\" eplus-wrapper\"><strong>Construcci\u00f3n de Rellenos Sanitarios<\/strong>\u00a0(Meta: sistema en todos los municipios para 2028).<\/li>\n<\/ul><\/li>\n\n\n\n<li class=\" eplus-wrapper\"><em>Acciones complementarias de Vuelta a la Normalidad Post-Desastre:<\/em>\u00a0Recuperaci\u00f3n econ\u00f3mica, apoyos a comerciantes locales, restauraci\u00f3n de servicios p\u00fablicos con energ\u00edas renovables y reconstrucci\u00f3n de infraestructura resiliente.<\/li>\n<\/ul><\/li>\n<\/ul>\n\n<p class=\" eplus-wrapper eplus-styles-uid-ae19c7\"><strong>3. Cluster 3: Gesti\u00f3n de Datos e Informaci\u00f3n<\/strong><\/p>\n\n<ul class=\" wp-block-list eplus-wrapper eplus-styles-uid-487869\">\n<li class=\" eplus-wrapper\">Incluye la Plataforma de Gesti\u00f3n de Datos e Informaci\u00f3n\u00a0<strong>\u201cGeoSatGuerrero\u201d<\/strong>.<\/li>\n<\/ul>\n\n<p class=\" eplus-wrapper eplus-styles-uid-ae19c7\">El sistema contempla tambi\u00e9n las\u00a0<strong>Tecnolog\u00edas y recursos clave<\/strong>\u00a0(Monitoreo, Inteligencia Artificial, Big Data, Aplicaciones M\u00f3viles) y la\u00a0<strong>Gesti\u00f3n de recursos y fuentes de financiamiento<\/strong>\u00a0(Mecanismos de Financiamiento, Cooperaci\u00f3n Internacional).<\/p>\n\n<p class=\" eplus-wrapper eplus-styles-uid-2d2e94\"><a href=\"https:\/\/view.genially.com\/671459281379b8507054acfa\/interactive-content-sisgedgro\" target=\"_blank\" rel=\"noopener\" title=\"\">Consulta AQUI la Presentaci\u00f3n Interactiva<\/a><\/p>\n\n\n<figure class=\" wp-block-image size-large eplus-wrapper\"><img loading=\"lazy\" decoding=\"async\" width=\"1024\" height=\"498\" src=\"https:\/\/consejoguerrero.gob.mx\/cpp\/wp-content\/uploads\/2025\/11\/SisGed-1024x498.png\" alt=\"\" class=\"wp-image-3092\" srcset=\"https:\/\/consejoguerrero.gob.mx\/cpp\/wp-content\/uploads\/2025\/11\/SisGed-1024x498.png 1024w, https:\/\/consejoguerrero.gob.mx\/cpp\/wp-content\/uploads\/2025\/11\/SisGed-300x146.png 300w, https:\/\/consejoguerrero.gob.mx\/cpp\/wp-content\/uploads\/2025\/11\/SisGed-768x374.png 768w, https:\/\/consejoguerrero.gob.mx\/cpp\/wp-content\/uploads\/2025\/11\/SisGed-280x136.png 280w, https:\/\/consejoguerrero.gob.mx\/cpp\/wp-content\/uploads\/2025\/11\/SisGed.png 1260w\" sizes=\"auto, (max-width: 1024px) 100vw, 1024px\" \/><\/figure>\n\n\n<p class=\" eplus-wrapper eplus-styles-uid-14af05\"><strong>Documento de Investigaci\u00f3n del Proyecto<\/strong><\/p>\n\n\n<div class=\"wp-block-pdf-viewer-block-standard\" style=\"text-align:left\"><div class=\"uploaded-pdf\"><a href=\"https:\/\/consejoguerrero.gob.mx\/cpp\/wp-content\/uploads\/2025\/11\/SisGED-GRO-DEFINITIVA.pdf\" data-width=\"\" data-height=\"\"><\/a><\/div><\/div>\n","protected":false},"excerpt":{"rendered":"<p>Sistema Integral de Gesti\u00f3n de Emergencias y Desastres\u00a0del Estado de Guerrero El\u00a0Sistema Integral de Gesti\u00f3n de Emergencias y Desastres del Estado de Guerrero (SisGED-GRO), tiene como objetivo reducir vulnerabilidades e &#8230;<\/p>\n","protected":false},"author":3,"featured_media":3072,"parent":0,"menu_order":0,"comment_status":"closed","ping_status":"closed","template":"","meta":{"advgb_blocks_editor_width":"","advgb_blocks_columns_visual_guide":"","editor_plus_copied_stylings":"{}","footnotes":""},"class_list":["post-3070","page","type-page","status-publish","has-post-thumbnail","hentry"],"aioseo_notices":[],"featured_image_src":"https:\/\/consejoguerrero.gob.mx\/cpp\/wp-content\/uploads\/2025\/11\/SisGEdD-Logo.png","featured_image_src_square":"https:\/\/consejoguerrero.gob.mx\/cpp\/wp-content\/uploads\/2025\/11\/SisGEdD-Logo.png","rbea_author_info":{"display_name":"Consejo Guerrero","author_link":"https:\/\/consejoguerrero.gob.mx\/cpp\/author\/consejo"},"rbea_excerpt_info":"Sistema Integral de Gesti\u00f3n de Emergencias y Desastres\u00a0del Estado de Guerrero El\u00a0Sistema Integral de Gesti\u00f3n de Emergencias y Desastres del Estado de Guerrero (SisGED-GRO), tiene como objetivo reducir vulnerabilidades e ...","coauthors":[],"author_meta":{"author_link":"https:\/\/consejoguerrero.gob.mx\/cpp\/author\/consejo","display_name":"Consejo Guerrero"},"relative_dates":{"created":"Publicado 6 meses hace","modified":"Actualizado 5 meses hace"},"absolute_dates":{"created":"Publicado el noviembre 16, 2025","modified":"Actualizado el noviembre 27, 2025"},"absolute_dates_time":{"created":"Publicado el noviembre 16, 2025 6:26 am","modified":"Actualizado el noviembre 27, 2025 5:07 pm"},"featured_img_caption":"","featured_img":"https:\/\/consejoguerrero.gob.mx\/cpp\/wp-content\/uploads\/2025\/11\/SisGEdD-Logo.png","series_order":"","_links":{"self":[{"href":"https:\/\/consejoguerrero.gob.mx\/cpp\/wp-json\/wp\/v2\/pages\/3070","targetHints":{"allow":["GET"]}}],"collection":[{"href":"https:\/\/consejoguerrero.gob.mx\/cpp\/wp-json\/wp\/v2\/pages"}],"about":[{"href":"https:\/\/consejoguerrero.gob.mx\/cpp\/wp-json\/wp\/v2\/types\/page"}],"author":[{"embeddable":true,"href":"https:\/\/consejoguerrero.gob.mx\/cpp\/wp-json\/wp\/v2\/users\/3"}],"replies":[{"embeddable":true,"href":"https:\/\/consejoguerrero.gob.mx\/cpp\/wp-json\/wp\/v2\/comments?post=3070"}],"version-history":[{"count":6,"href":"https:\/\/consejoguerrero.gob.mx\/cpp\/wp-json\/wp\/v2\/pages\/3070\/revisions"}],"predecessor-version":[{"id":3094,"href":"https:\/\/consejoguerrero.gob.mx\/cpp\/wp-json\/wp\/v2\/pages\/3070\/revisions\/3094"}],"wp:featuredmedia":[{"embeddable":true,"href":"https:\/\/consejoguerrero.gob.mx\/cpp\/wp-json\/wp\/v2\/media\/3072"}],"wp:attachment":[{"href":"https:\/\/consejoguerrero.gob.mx\/cpp\/wp-json\/wp\/v2\/media?parent=3070"}],"curies":[{"name":"wp","href":"https:\/\/api.w.org\/{rel}","templated":true}]}}