{"id":2885,"date":"2025-03-22T08:21:10","date_gmt":"2025-03-22T08:21:10","guid":{"rendered":"https:\/\/consejoguerrero.gob.mx\/cpp\/?page_id=2885"},"modified":"2025-03-23T07:41:27","modified_gmt":"2025-03-23T07:41:27","slug":"proyectos-ecosistema-de-innovacion-e-inteligencia-artificial","status":"publish","type":"page","link":"https:\/\/consejoguerrero.gob.mx\/cpp\/proyectos-ecosistema-de-innovacion-e-inteligencia-artificial","title":{"rendered":"Proyectos &#8211; Ecosistema de Innovaci\u00f3n e Inteligencia Artificial"},"content":{"rendered":"\n<h2 class=\"wp-block-heading has-text-color has-link-color eplus-wrapper wp-elements-61f949edccda85c64c129b451d1068a2\" style=\"color:#ab0003\"><strong>Ecosistema de Innovaci\u00f3n e Inteligencia Artificial del Estado de Guerrero<\/strong><\/h2>\n\n\n<p style=\"font-size:16px\" class=\" eplus-wrapper eplus-styles-uid-08936c\">La implementaci\u00f3n de laboratorios de ciencias especializadas e inteligencia artificial (IA) en los gobiernos locales representa un paso estrat\u00e9gico para transformar la gesti\u00f3n p\u00fablica y fortalecer el impacto de los programas de bienestar social y desarrollo sostenible. Estos espacios no solo permiten\u00a0<strong>optimizar recursos<\/strong>\u00a0mediante an\u00e1lisis de datos y simulaciones predictivas, sino que tambi\u00e9n facilitan la\u00a0<strong>toma de decisiones basada en evidencia<\/strong>, esencial para dise\u00f1ar pol\u00edticas p\u00fablicas eficaces y adaptadas a las necesidades locales.<\/p>\n\n<p style=\"font-size:16px\" class=\" eplus-wrapper eplus-styles-uid-08936c\">Para el estado de Guerrero, se propone la implementaci\u00f3n de un Ecosistema de Innovaci\u00f3n e Inteligencia Artificial como un sistema integrado por <strong>redes interdependientes e interconectadas<\/strong> que colaboran para la <strong>creaci\u00f3n, desarrollo, producci\u00f3n y comercializaci\u00f3n de tecnolog\u00edas innovadoras<\/strong> en el Estado de Guerrero. Todas las redes tienen sus objetivos espec\u00edficos pero tambi\u00e9n realizan una colaboraci\u00f3n intr\u00ednseca para el logro de objetivos comunes.<\/p>\n\n<p style=\"font-size:16px\" class=\" eplus-wrapper eplus-styles-uid-08936c\">El objetivo principal del ecosistema es brindar atenci\u00f3n y generar soluciones sustentables e innovadoras en temas prioritarios para el desarrollo integral de la entidad, de igual modo se busca concretar los siguientes alcances:<\/p>\n\n<ul class=\" wp-block-list eplus-wrapper eplus-styles-uid-b4b3b5\"><li style=\"font-size:16px\" class=\" eplus-wrapper eplus-styles-uid-eb50a4\">El mejoramiento de la Educaci\u00f3n<\/li>\n\n<li style=\"font-size:16px\" class=\" eplus-wrapper eplus-styles-uid-eb50a4\">Producci\u00f3n de Investigaci\u00f3n Cient\u00edfica (b\u00e1sica y aplicada)<\/li>\n\n<li style=\"font-size:16px\" class=\" eplus-wrapper eplus-styles-uid-eb50a4\">Desarrollo de Tecnolog\u00edas Innovadoras<\/li>\n\n<li style=\"font-size:16px\" class=\" eplus-wrapper eplus-styles-uid-eb50a4\">Promoci\u00f3n y fomento de la inversi\u00f3n p\u00fablico\/privada que otorgue financiamiento a emprendedores tecnol\u00f3gicos<\/li>\n\n<li style=\"font-size:16px\" class=\" eplus-wrapper eplus-styles-uid-eb50a4\">Consolidaci\u00f3n de la competitividad comercial e industrial en el Estado de Guerrero.<\/li><\/ul>\n\n<p style=\"font-size:16px\" class=\" eplus-wrapper eplus-styles-uid-08936c\">Uno de los componentes principales del Ecosistema de Innovaci\u00f3n es el Centro de Innovaci\u00f3n e Inteligencia Artificial de Estado de Guerrero (CIIAGro); que se propone como un centro de gesti\u00f3n, monitoreo y predicci\u00f3n con herramientas interactivas y de innovaci\u00f3n impulsadas por Inteligencia Artificial (IA), para abordar desaf\u00edos y crear nuevas oportunidades enfocadas en brindar mayor gobernabilidad al Estado de Guerrero.<\/p>\n\n<p style=\"font-size:16px\" class=\" eplus-wrapper eplus-styles-uid-eb50a4\"><strong>CIIAGro, funciones y alcances.<\/strong><\/p>\n\n\n<div class=\"wp-block-ab-animate\" data-scroll-class=\"fadeInUp\">\n<figure class=\" wp-block-image size-full eplus-wrapper\"><img loading=\"lazy\" decoding=\"async\" width=\"932\" height=\"450\" src=\"https:\/\/consejoguerrero.gob.mx\/cpp\/wp-content\/uploads\/2025\/03\/image.png\" alt=\"\" class=\"wp-image-2887\" srcset=\"https:\/\/consejoguerrero.gob.mx\/cpp\/wp-content\/uploads\/2025\/03\/image.png 932w, https:\/\/consejoguerrero.gob.mx\/cpp\/wp-content\/uploads\/2025\/03\/image-300x145.png 300w, https:\/\/consejoguerrero.gob.mx\/cpp\/wp-content\/uploads\/2025\/03\/image-768x371.png 768w, https:\/\/consejoguerrero.gob.mx\/cpp\/wp-content\/uploads\/2025\/03\/image-280x135.png 280w\" sizes=\"auto, (max-width: 932px) 100vw, 932px\" \/><\/figure>\n<\/div>\n\n\n\n<p class=\" eplus-wrapper\"><\/p>\n\n\n<p style=\"font-size:16px\" class=\" eplus-wrapper eplus-styles-uid-eb50a4\"><strong>Objetivos<\/strong><\/p>\n\n<ul style=\"font-size:16px\" class=\" wp-block-list eplus-wrapper eplus-styles-uid-915213\">\n<li class=\" eplus-wrapper\">Enfocar a la Inteligencia Artificial (IA), al servicio de las personas y del planeta, impulsando un crecimiento inclusivo, el desarrollo sostenible y el bienestar.<\/li>\n\n\n\n<li class=\" eplus-wrapper\">Contribuir al cumplimiento de los ODS a nivel local y nacional, a trav\u00e9s del desarrollo e implementaci\u00f3n de soluciones basadas en IA.<\/li>\n\n\n\n<li class=\" eplus-wrapper\">Desarrollar investigaciones y proyectos colaborativos para entrenar y orientar al talento local en IA basada en \u00e9tica y confiabilidad en su implementaci\u00f3n.<\/li>\n<\/ul>\n\n<p style=\"font-size:16px\" class=\" eplus-wrapper eplus-styles-uid-08936c\">En una propuesta inicial, el CIIAGro, estar\u00e1 integrado por laboratorios especializados como se muestra en la siguientes im\u00e1genes:<\/p>\n\n\n<div class=\"wp-block-ab-animate\" data-scroll-class=\"fadeInUp\">\n<figure class=\" wp-block-image size-large eplus-wrapper\"><img loading=\"lazy\" decoding=\"async\" width=\"1024\" height=\"601\" src=\"https:\/\/consejoguerrero.gob.mx\/cpp\/wp-content\/uploads\/2025\/03\/image-1-1024x601.png\" alt=\"\" class=\"wp-image-2890\" srcset=\"https:\/\/consejoguerrero.gob.mx\/cpp\/wp-content\/uploads\/2025\/03\/image-1-1024x601.png 1024w, https:\/\/consejoguerrero.gob.mx\/cpp\/wp-content\/uploads\/2025\/03\/image-1-300x176.png 300w, https:\/\/consejoguerrero.gob.mx\/cpp\/wp-content\/uploads\/2025\/03\/image-1-768x451.png 768w, https:\/\/consejoguerrero.gob.mx\/cpp\/wp-content\/uploads\/2025\/03\/image-1-280x164.png 280w, https:\/\/consejoguerrero.gob.mx\/cpp\/wp-content\/uploads\/2025\/03\/image-1.png 1111w\" sizes=\"auto, (max-width: 1024px) 100vw, 1024px\" \/><\/figure>\n<\/div>\n\n\n\n<hr class=\"is-style-dots wp-block-separator has-alpha-channel-opacity eplus-wrapper\"\/>\n\n\n\n<div class=\"wp-block-ab-animate\" data-scroll-class=\"fadeInUp\">\n<figure class=\" wp-block-image size-large eplus-wrapper\"><img loading=\"lazy\" decoding=\"async\" width=\"1024\" height=\"405\" src=\"https:\/\/consejoguerrero.gob.mx\/cpp\/wp-content\/uploads\/2025\/03\/image-2-1024x405.png\" alt=\"\" class=\"wp-image-2892\" srcset=\"https:\/\/consejoguerrero.gob.mx\/cpp\/wp-content\/uploads\/2025\/03\/image-2-1024x405.png 1024w, https:\/\/consejoguerrero.gob.mx\/cpp\/wp-content\/uploads\/2025\/03\/image-2-300x119.png 300w, https:\/\/consejoguerrero.gob.mx\/cpp\/wp-content\/uploads\/2025\/03\/image-2-768x304.png 768w, https:\/\/consejoguerrero.gob.mx\/cpp\/wp-content\/uploads\/2025\/03\/image-2-280x111.png 280w, https:\/\/consejoguerrero.gob.mx\/cpp\/wp-content\/uploads\/2025\/03\/image-2.png 1220w\" sizes=\"auto, (max-width: 1024px) 100vw, 1024px\" \/><\/figure>\n<\/div>\n\n\n\n<hr class=\"is-style-dots wp-block-separator has-alpha-channel-opacity eplus-wrapper\"\/>\n\n\n\n<div class=\"wp-block-ab-animate\" data-scroll-class=\"fadeInUp\">\n<figure class=\" wp-block-image size-large eplus-wrapper\"><img loading=\"lazy\" decoding=\"async\" width=\"1024\" height=\"432\" src=\"https:\/\/consejoguerrero.gob.mx\/cpp\/wp-content\/uploads\/2025\/03\/image-3-1024x432.png\" alt=\"\" class=\"wp-image-2893\" srcset=\"https:\/\/consejoguerrero.gob.mx\/cpp\/wp-content\/uploads\/2025\/03\/image-3-1024x432.png 1024w, https:\/\/consejoguerrero.gob.mx\/cpp\/wp-content\/uploads\/2025\/03\/image-3-300x126.png 300w, https:\/\/consejoguerrero.gob.mx\/cpp\/wp-content\/uploads\/2025\/03\/image-3-768x324.png 768w, https:\/\/consejoguerrero.gob.mx\/cpp\/wp-content\/uploads\/2025\/03\/image-3-280x118.png 280w, https:\/\/consejoguerrero.gob.mx\/cpp\/wp-content\/uploads\/2025\/03\/image-3.png 1193w\" sizes=\"auto, (max-width: 1024px) 100vw, 1024px\" \/><\/figure>\n<\/div>\n\n\n\n<hr class=\"is-style-dots wp-block-separator has-alpha-channel-opacity eplus-wrapper\"\/>\n\n\n\n<div class=\"wp-block-ab-animate\" data-scroll-class=\"fadeInUp\">\n<figure class=\" wp-block-image size-large eplus-wrapper\"><img loading=\"lazy\" decoding=\"async\" width=\"1024\" height=\"421\" src=\"https:\/\/consejoguerrero.gob.mx\/cpp\/wp-content\/uploads\/2025\/03\/image-4-1024x421.png\" alt=\"\" class=\"wp-image-2894\" srcset=\"https:\/\/consejoguerrero.gob.mx\/cpp\/wp-content\/uploads\/2025\/03\/image-4-1024x421.png 1024w, https:\/\/consejoguerrero.gob.mx\/cpp\/wp-content\/uploads\/2025\/03\/image-4-300x123.png 300w, https:\/\/consejoguerrero.gob.mx\/cpp\/wp-content\/uploads\/2025\/03\/image-4-768x316.png 768w, https:\/\/consejoguerrero.gob.mx\/cpp\/wp-content\/uploads\/2025\/03\/image-4-280x115.png 280w, https:\/\/consejoguerrero.gob.mx\/cpp\/wp-content\/uploads\/2025\/03\/image-4.png 1195w\" sizes=\"auto, (max-width: 1024px) 100vw, 1024px\" \/><\/figure>\n<\/div>\n\n\n\n<hr class=\"is-style-dots wp-block-separator has-alpha-channel-opacity eplus-wrapper\"\/>\n\n\n<p style=\"font-size:16px\" class=\" eplus-wrapper eplus-styles-uid-08936c\">En el \u00e1mbito del desarrollo sostenible, estos laboratorios aceleran la transici\u00f3n hacia modelos m\u00e1s eficientes, ya sea mediante el dise\u00f1o de pol\u00edticas de movilidad urbana inteligente, la gesti\u00f3n de residuos con sensores IoT o la optimizaci\u00f3n del uso de energ\u00edas renovables. Su integraci\u00f3n en los gobiernos locales no solo refuerza la\u00a0<strong>gobernanza colaborativa<\/strong>, sino que tambi\u00e9n posiciona a las comunidades como actores clave en la construcci\u00f3n de un futuro equitativo y ambientalmente responsable.<\/p>\n\n<p style=\"font-size:16px\" class=\" eplus-wrapper eplus-styles-uid-08936c\">En el marco del Desarrollo Sostenible y el Bienestar Social, las \u00e1reas consideradas para el desarrollo de proyectos y aplicaci\u00f3n de soluciones son las siguientes:<\/p>\n\n\n<div class=\"wp-block-ab-animate\" data-scroll-class=\"fadeInUp\">\n<figure class=\" wp-block-image size-full eplus-wrapper\"><img loading=\"lazy\" decoding=\"async\" width=\"896\" height=\"420\" src=\"https:\/\/consejoguerrero.gob.mx\/cpp\/wp-content\/uploads\/2025\/03\/image-5.png\" alt=\"\" class=\"wp-image-2896\" srcset=\"https:\/\/consejoguerrero.gob.mx\/cpp\/wp-content\/uploads\/2025\/03\/image-5.png 896w, https:\/\/consejoguerrero.gob.mx\/cpp\/wp-content\/uploads\/2025\/03\/image-5-300x141.png 300w, https:\/\/consejoguerrero.gob.mx\/cpp\/wp-content\/uploads\/2025\/03\/image-5-768x360.png 768w, https:\/\/consejoguerrero.gob.mx\/cpp\/wp-content\/uploads\/2025\/03\/image-5-280x131.png 280w\" sizes=\"auto, (max-width: 896px) 100vw, 896px\" \/><\/figure>\n<\/div>\n\n\n\n<hr class=\"is-style-dots wp-block-separator has-alpha-channel-opacity eplus-wrapper\"\/>\n\n\n<p class=\"has-black-color has-text-color has-link-color eplus-wrapper wp-elements-bd016db848712edf25c6f1985011aea1 eplus-styles-uid-08936c\" style=\"font-size:16px\">En s\u00edntesis, la combinaci\u00f3n de ciencia, tecnolog\u00eda y acci\u00f3n local no es un lujo, sino una\u00a0<strong>herramienta indispensable<\/strong>\u00a0para garantizar que los programas sociales y ambientales no solo respondan a necesidades inmediatas, sino que tambi\u00e9n construyan capacidades institucionales y sociales que perduren en el tiempo.<\/p>","protected":false},"excerpt":{"rendered":"<p>Ecosistema de Innovaci\u00f3n e Inteligencia Artificial del Estado de Guerrero La implementaci\u00f3n de laboratorios de ciencias especializadas e inteligencia artificial (IA) en los gobiernos locales representa un paso estrat\u00e9gico para &#8230;<\/p>\n","protected":false},"author":1,"featured_media":0,"parent":0,"menu_order":0,"comment_status":"closed","ping_status":"closed","template":"","meta":{"advgb_blocks_editor_width":"","advgb_blocks_columns_visual_guide":"","editor_plus_copied_stylings":"{}","footnotes":""},"class_list":["post-2885","page","type-page","status-publish","hentry"],"aioseo_notices":[],"featured_image_src":"","featured_image_src_square":false,"rbea_author_info":{"display_name":"webadmin","author_link":"https:\/\/consejoguerrero.gob.mx\/cpp\/author\/webadmin"},"rbea_excerpt_info":"Ecosistema de Innovaci\u00f3n e Inteligencia Artificial del Estado de Guerrero La implementaci\u00f3n de laboratorios de ciencias especializadas e inteligencia artificial (IA) en los gobiernos locales representa un paso estrat\u00e9gico para ...","coauthors":[],"author_meta":{"author_link":"https:\/\/consejoguerrero.gob.mx\/cpp\/author\/webadmin","display_name":"webadmin"},"relative_dates":{"created":"Publicado 1 a\u00f1o hace","modified":"Actualizado 1 a\u00f1o hace"},"absolute_dates":{"created":"Publicado el marzo 22, 2025","modified":"Actualizado el marzo 23, 2025"},"absolute_dates_time":{"created":"Publicado el marzo 22, 2025 8:21 am","modified":"Actualizado el marzo 23, 2025 7:41 am"},"featured_img_caption":"","featured_img":false,"series_order":"","_links":{"self":[{"href":"https:\/\/consejoguerrero.gob.mx\/cpp\/wp-json\/wp\/v2\/pages\/2885","targetHints":{"allow":["GET"]}}],"collection":[{"href":"https:\/\/consejoguerrero.gob.mx\/cpp\/wp-json\/wp\/v2\/pages"}],"about":[{"href":"https:\/\/consejoguerrero.gob.mx\/cpp\/wp-json\/wp\/v2\/types\/page"}],"author":[{"embeddable":true,"href":"https:\/\/consejoguerrero.gob.mx\/cpp\/wp-json\/wp\/v2\/users\/1"}],"replies":[{"embeddable":true,"href":"https:\/\/consejoguerrero.gob.mx\/cpp\/wp-json\/wp\/v2\/comments?post=2885"}],"version-history":[{"count":11,"href":"https:\/\/consejoguerrero.gob.mx\/cpp\/wp-json\/wp\/v2\/pages\/2885\/revisions"}],"predecessor-version":[{"id":2920,"href":"https:\/\/consejoguerrero.gob.mx\/cpp\/wp-json\/wp\/v2\/pages\/2885\/revisions\/2920"}],"wp:attachment":[{"href":"https:\/\/consejoguerrero.gob.mx\/cpp\/wp-json\/wp\/v2\/media?parent=2885"}],"curies":[{"name":"wp","href":"https:\/\/api.w.org\/{rel}","templated":true}]}}