{"id":2685,"date":"2024-09-20T07:12:34","date_gmt":"2024-09-20T07:12:34","guid":{"rendered":"https:\/\/consejoguerrero.gob.mx\/cpp\/?page_id=2685"},"modified":"2024-09-20T16:00:49","modified_gmt":"2024-09-20T16:00:49","slug":"proyectos-turismo-inteligente","status":"publish","type":"page","link":"https:\/\/consejoguerrero.gob.mx\/cpp\/proyectos-turismo-inteligente","title":{"rendered":"Proyectos &#8211; @Turismo Inteligente"},"content":{"rendered":"<h1 class=\" wp-block-heading eplus-wrapper eplus-styles-uid-aa5dcc\">@Turismo Inteligente<\/h1>\n\n\n<p class=\" eplus-wrapper\"><\/p>\n\n\n<p class=\" eplus-wrapper eplus-styles-uid-67e204\">Presenta Consejo Guerrero, proyecto @TurismoDigital a la Secretar\u00eda de Turismo del Estado de Guerrero<\/p>\n\n<p class=\" eplus-wrapper eplus-styles-uid-24b8d8\" style=\"font-size:18px\">El Presidente de Consejo Guerrero, Carlos \u00c1lvarez presenta al Secretario de Turismo, Sim\u00f3n Qui\u00f1ones; la iniciativa \u201c<strong>Guerrero:@TurismoDigital<\/strong>\u201d, bajo la visi\u00f3n \u201c<strong>Conecta con la naturaleza y el mundo<\/strong>\u201d con el objetivo de proponer la integraci\u00f3n de esta estrategia tecnol\u00f3gica a la nueva Agenda Tur\u00edstica Nacional, reimaginando la oferta tur\u00edstica polic\u00e9ntrica de la entidad, bajo un enfoque de Turismo Inteligente de atracci\u00f3n a nuevos segmentos y el desarrollo integral de nuevos destinos y sus habitantes.<\/p>\n\n<p class=\" eplus-wrapper eplus-styles-uid-24b8d8\" style=\"font-size:18px\">A continuaci\u00f3n te invitamos a conocer la propuesta integral en la siguiente presentaci\u00f3n interactiva, si\u00e9ntete libre de explorar e informarte con los detalles en el proyecto.  <\/p>\n\n\n<figure class=\" wp-block-embed is-type-wp-embed is-provider-genially wp-block-embed-genially eplus-wrapper\"><div class=\"wp-block-embed__wrapper\">\n<iframe class=\"wp-embedded-content\" sandbox=\"allow-scripts\" security=\"restricted\" title=\"Guerrero, Turismo Digital\" frameborder='0' width='1200' height='675' src='https:\/\/view.genially.com\/66ea6ddac1b909b2b15b227e#?secret=iW0eORBd4o' data-secret='iW0eORBd4o' scrolling='yes'><\/iframe>\n<\/div><\/figure>\n\n\n<p class=\" eplus-wrapper eplus-styles-uid-24b8d8\" style=\"font-size:18px\">Este proyecto constituye la integraci\u00f3n del uso de la tecnolog\u00eda y servicios en internet para mejorar la competitividad de los destinos tur\u00edsticos existentes y detonar nuevas rutas tur\u00edsticas en el Estado de Guerrero, con especial \u00e9nfasis en el fortalecimiento de la infraestructura digital (conectividad e internet) en combinaci\u00f3n con practicas de sostenibilidad tur\u00edstica.<\/p>\n\n<p class=\" eplus-wrapper eplus-styles-uid-24b8d8\" style=\"font-size:18px\">La propuesta de transformaci\u00f3n de la industria tur\u00edstica incluye un programa de atracci\u00f3n a N\u00f3madas Digitales, el desarrollo de una plataforma tecnol\u00f3gica que integre a trav\u00e9s de aplicaciones para m\u00f3viles una serie de servicios de alta demanda como alojamiento, servicios locales, propuestas de movilidad y transporte, entre otras. Y una serie de proyectos de alto impacto que permitan diversificar la actividad tur\u00edstica de la entidad con la instalaci\u00f3n de \u201cAldeas Digitales: para potenciar los destinos tur\u00edsticos suburbanos y rurales\u201d vinculando a la entidad con la Estrategia Nacional \u201cAldeas Inteligentes: Bienestar Sostenible\u201d de la Secretar\u00eda de Infraestructura, Comunicaciones y Transportes (SICT) al mismo tiempo que se da atenci\u00f3n a los Objetivos de Desarrollo Sostenible (ODS) de la Agenda 2030 de la Organizaci\u00f3n de Naciones Unidas (ONU).<\/p>\n\n<p class=\" eplus-wrapper eplus-styles-uid-24b8d8\" style=\"font-size:18px\">As\u00ed como el dise\u00f1o e implementaci\u00f3n de una \u201cGu\u00eda Tur\u00edstica Guerrero:<strong>@HogarDelSolDigital<\/strong>&#8221; interactiva de promoci\u00f3n de la oferta tur\u00edstica de destinos, actividades, rutas y m\u00e1s, a trav\u00e9s de portales de internet, redes sociales y aplicaciones para m\u00f3viles que ofrezca la informaci\u00f3n de forma actualizada y constante con apoyo de la implementaci\u00f3n de programas de capacitaci\u00f3n a operadores tur\u00edsticos locales en el uso de tecnolog\u00eda digitales.<\/p>\n\n<p class=\" eplus-wrapper eplus-styles-uid-24b8d8\" style=\"font-size:18px\">Se ha propuesto tambi\u00e9n el desarrollo de eventos tecnol\u00f3gicos de alta atracci\u00f3n de nuevos segmentos: el <strong>Startup Challenge Guerrero<\/strong> y la solicitud oficial de reprogramar al Estado de Guerrero, como sede oficial de la pr\u00f3xima edici\u00f3n del <strong>Encuentro Mexicano de Ingenier\u00eda en Coheter\u00eda Experimental (ENMICE, 2025)<\/strong>, el cual fue cancelado por los da\u00f1os causados tras el paso del Hurac\u00e1n \u201cOtis\u201d por el Estado de Guerrero, en su edici\u00f3n 2023 prevista a desarrollarse en los municipios de Acapulco y San Marcos en Playa \u201cEl Dorado\u201d.<\/p>\n\n\n<hr class=\"is-style-dots wp-block-separator has-alpha-channel-opacity eplus-wrapper\"\/>\n","protected":false},"excerpt":{"rendered":"<p>@Turismo Inteligente Presenta Consejo Guerrero, proyecto @TurismoDigital a la Secretar\u00eda de Turismo del Estado de Guerrero El Presidente de Consejo Guerrero, Carlos \u00c1lvarez presenta al Secretario de Turismo, Sim\u00f3n Qui\u00f1ones; &#8230;<\/p>\n","protected":false},"author":1,"featured_media":2698,"parent":0,"menu_order":0,"comment_status":"closed","ping_status":"closed","template":"","meta":{"advgb_blocks_editor_width":"","advgb_blocks_columns_visual_guide":"","editor_plus_copied_stylings":"{}","footnotes":""},"class_list":["post-2685","page","type-page","status-publish","has-post-thumbnail","hentry"],"aioseo_notices":[],"featured_image_src":"https:\/\/consejoguerrero.gob.mx\/cpp\/wp-content\/uploads\/2024\/09\/5c449257-83f5-4b6a-8013-4c31db9bcdf9.jpg","featured_image_src_square":"https:\/\/consejoguerrero.gob.mx\/cpp\/wp-content\/uploads\/2024\/09\/5c449257-83f5-4b6a-8013-4c31db9bcdf9.jpg","rbea_author_info":{"display_name":"webadmin","author_link":"https:\/\/consejoguerrero.gob.mx\/cpp\/author\/webadmin"},"rbea_excerpt_info":"@Turismo Inteligente Presenta Consejo Guerrero, proyecto @TurismoDigital a la Secretar\u00eda de Turismo del Estado de Guerrero El Presidente de Consejo Guerrero, Carlos \u00c1lvarez presenta al Secretario de Turismo, Sim\u00f3n Qui\u00f1ones; ...","coauthors":[],"author_meta":{"author_link":"https:\/\/consejoguerrero.gob.mx\/cpp\/author\/webadmin","display_name":"webadmin"},"relative_dates":{"created":"Publicado 2 a\u00f1os hace","modified":"Actualizado 2 a\u00f1os hace"},"absolute_dates":{"created":"Publicado el septiembre 20, 2024","modified":"Actualizado el septiembre 20, 2024"},"absolute_dates_time":{"created":"Publicado el septiembre 20, 2024 7:12 am","modified":"Actualizado el septiembre 20, 2024 4:00 pm"},"featured_img_caption":"","featured_img":"https:\/\/consejoguerrero.gob.mx\/cpp\/wp-content\/uploads\/2024\/09\/5c449257-83f5-4b6a-8013-4c31db9bcdf9.jpg","series_order":"","_links":{"self":[{"href":"https:\/\/consejoguerrero.gob.mx\/cpp\/wp-json\/wp\/v2\/pages\/2685","targetHints":{"allow":["GET"]}}],"collection":[{"href":"https:\/\/consejoguerrero.gob.mx\/cpp\/wp-json\/wp\/v2\/pages"}],"about":[{"href":"https:\/\/consejoguerrero.gob.mx\/cpp\/wp-json\/wp\/v2\/types\/page"}],"author":[{"embeddable":true,"href":"https:\/\/consejoguerrero.gob.mx\/cpp\/wp-json\/wp\/v2\/users\/1"}],"replies":[{"embeddable":true,"href":"https:\/\/consejoguerrero.gob.mx\/cpp\/wp-json\/wp\/v2\/comments?post=2685"}],"version-history":[{"count":5,"href":"https:\/\/consejoguerrero.gob.mx\/cpp\/wp-json\/wp\/v2\/pages\/2685\/revisions"}],"predecessor-version":[{"id":2695,"href":"https:\/\/consejoguerrero.gob.mx\/cpp\/wp-json\/wp\/v2\/pages\/2685\/revisions\/2695"}],"wp:featuredmedia":[{"embeddable":true,"href":"https:\/\/consejoguerrero.gob.mx\/cpp\/wp-json\/wp\/v2\/media\/2698"}],"wp:attachment":[{"href":"https:\/\/consejoguerrero.gob.mx\/cpp\/wp-json\/wp\/v2\/media?parent=2685"}],"curies":[{"name":"wp","href":"https:\/\/api.w.org\/{rel}","templated":true}]}}