{"id":2590,"date":"2024-03-01T03:01:28","date_gmt":"2024-03-01T03:01:28","guid":{"rendered":"https:\/\/consejoguerrero.gob.mx\/cpp\/?page_id=2590"},"modified":"2024-03-01T03:24:03","modified_gmt":"2024-03-01T03:24:03","slug":"proyectos-observatorio-de-igualdad-de-genero","status":"publish","type":"page","link":"https:\/\/consejoguerrero.gob.mx\/cpp\/proyectos-observatorio-de-igualdad-de-genero","title":{"rendered":"Proyectos &#8211; Observatorio de Igualdad de Genero"},"content":{"rendered":"<h2 class=\" wp-block-heading eplus-wrapper eplus-styles-uid-20a215\"><strong>Observatorio de Igualdad de G\u00e9nero del Estado de Guerrero<\/strong><\/h2>\n\n<div class=\"wp-block-image \">\n<figure class=\"aligncenter size-large is-resized eplus-wrapper\"><img loading=\"lazy\" decoding=\"async\" width=\"1024\" height=\"330\" src=\"https:\/\/consejoguerrero.gob.mx\/cpp\/wp-content\/uploads\/2024\/01\/pe6-e1709260882727-1024x330.jpg\" alt=\"\" class=\"wp-image-2529\" style=\"width:552px;height:auto\" srcset=\"https:\/\/consejoguerrero.gob.mx\/cpp\/wp-content\/uploads\/2024\/01\/pe6-e1709260882727-1024x330.jpg 1024w, https:\/\/consejoguerrero.gob.mx\/cpp\/wp-content\/uploads\/2024\/01\/pe6-e1709260882727-300x97.jpg 300w, https:\/\/consejoguerrero.gob.mx\/cpp\/wp-content\/uploads\/2024\/01\/pe6-e1709260882727-768x247.jpg 768w, https:\/\/consejoguerrero.gob.mx\/cpp\/wp-content\/uploads\/2024\/01\/pe6-e1709260882727-280x90.jpg 280w, https:\/\/consejoguerrero.gob.mx\/cpp\/wp-content\/uploads\/2024\/01\/pe6-e1709260882727.jpg 1322w\" sizes=\"auto, (max-width: 1024px) 100vw, 1024px\" \/><\/figure>\n<\/div>\n\n\n<p class=\" eplus-wrapper\">Consejo Guerrero lo define como un:<\/p>\n\n\n<ul class=\"eplus-wrapper wp-block-list eplus-styles-uid-e5c4ee\">\n<li class=\" eplus-wrapper\">Modelo innovador que permitir\u00e1 poner a disposici\u00f3n de los Gobiernos Estatal y Municipales, as\u00ed como a instituciones, Academia y Sociedad Civil, indicadores estrat\u00e9gicos de g\u00e9nero, con la visi\u00f3n de contribuir en el proceso de planificaci\u00f3n de pol\u00edticas p\u00fablicas de g\u00e9nero, contribuyendo a la justicia distributiva, de reconocimiento y de representaci\u00f3n y fortaleciendo los logros de las mujeres en todas las esferas de su actuaci\u00f3n.<\/li>\n<\/ul>\n\n<ul class=\"eplus-wrapper wp-block-list eplus-styles-uid-49e701\"><li class=\" eplus-wrapper eplus-styles-uid-24b8d8\">A trav\u00e9s de este, se pretende analizar y dar cumplimiento a metas y objetivos internacionales, nacionales y locales, que permitan alcanzar la igualdad sustantiva de\u00a0las ni\u00f1as, adolescentes y mujeres del Estado de Guerrero, haciendo de este, una herramienta anal\u00edtica para la formulaci\u00f3n de pol\u00edticas p\u00fablicas.<\/li><\/ul>","protected":false},"excerpt":{"rendered":"<p>Observatorio de Igualdad de G\u00e9nero del Estado de Guerrero Consejo Guerrero lo define como un:<\/p>\n","protected":false},"author":1,"featured_media":0,"parent":0,"menu_order":0,"comment_status":"closed","ping_status":"closed","template":"","meta":{"advgb_blocks_editor_width":"","advgb_blocks_columns_visual_guide":"","editor_plus_copied_stylings":"{}","footnotes":""},"class_list":["post-2590","page","type-page","status-publish","hentry"],"aioseo_notices":[],"featured_image_src":"","featured_image_src_square":false,"rbea_author_info":{"display_name":"webadmin","author_link":"https:\/\/consejoguerrero.gob.mx\/cpp\/author\/webadmin"},"rbea_excerpt_info":"Observatorio de Igualdad de G\u00e9nero del Estado de Guerrero Consejo Guerrero lo define como un:","coauthors":[],"author_meta":{"author_link":"https:\/\/consejoguerrero.gob.mx\/cpp\/author\/webadmin","display_name":"webadmin"},"relative_dates":{"created":"Publicado 2 a\u00f1os hace","modified":"Actualizado 2 a\u00f1os hace"},"absolute_dates":{"created":"Publicado el marzo 1, 2024","modified":"Actualizado el marzo 1, 2024"},"absolute_dates_time":{"created":"Publicado el marzo 1, 2024 3:01 am","modified":"Actualizado el marzo 1, 2024 3:24 am"},"featured_img_caption":"","featured_img":false,"series_order":"","_links":{"self":[{"href":"https:\/\/consejoguerrero.gob.mx\/cpp\/wp-json\/wp\/v2\/pages\/2590","targetHints":{"allow":["GET"]}}],"collection":[{"href":"https:\/\/consejoguerrero.gob.mx\/cpp\/wp-json\/wp\/v2\/pages"}],"about":[{"href":"https:\/\/consejoguerrero.gob.mx\/cpp\/wp-json\/wp\/v2\/types\/page"}],"author":[{"embeddable":true,"href":"https:\/\/consejoguerrero.gob.mx\/cpp\/wp-json\/wp\/v2\/users\/1"}],"replies":[{"embeddable":true,"href":"https:\/\/consejoguerrero.gob.mx\/cpp\/wp-json\/wp\/v2\/comments?post=2590"}],"version-history":[{"count":2,"href":"https:\/\/consejoguerrero.gob.mx\/cpp\/wp-json\/wp\/v2\/pages\/2590\/revisions"}],"predecessor-version":[{"id":2596,"href":"https:\/\/consejoguerrero.gob.mx\/cpp\/wp-json\/wp\/v2\/pages\/2590\/revisions\/2596"}],"wp:attachment":[{"href":"https:\/\/consejoguerrero.gob.mx\/cpp\/wp-json\/wp\/v2\/media?parent=2590"}],"curies":[{"name":"wp","href":"https:\/\/api.w.org\/{rel}","templated":true}]}}