{"id":2588,"date":"2024-03-01T02:53:37","date_gmt":"2024-03-01T02:53:37","guid":{"rendered":"https:\/\/consejoguerrero.gob.mx\/cpp\/?page_id=2588"},"modified":"2024-03-01T03:28:25","modified_gmt":"2024-03-01T03:28:25","slug":"proyectos-centro-de-innovacion-e-ia","status":"publish","type":"page","link":"https:\/\/consejoguerrero.gob.mx\/cpp\/proyectos-centro-de-innovacion-e-ia","title":{"rendered":"Proyectos &#8211; Centro de Innovaci\u00f3n e IA"},"content":{"rendered":"<h2 class=\" wp-block-heading eplus-wrapper eplus-styles-uid-20a215\"><strong>Centro de Innovaci\u00f3n e Inteligencia Artificial del Estado de Guerrero<\/strong><\/h2>\n\n<div class=\"wp-block-image \">\n<figure class=\"aligncenter size-large is-resized eplus-wrapper\"><img loading=\"lazy\" decoding=\"async\" width=\"1024\" height=\"356\" src=\"https:\/\/consejoguerrero.gob.mx\/cpp\/wp-content\/uploads\/2024\/03\/1c54ba4f-a2cd-439c-839f-05fbb5dcc7c0-e1709260960441-1024x356.jpg\" alt=\"\" class=\"wp-image-2585\" style=\"width:549px;height:auto\" srcset=\"https:\/\/consejoguerrero.gob.mx\/cpp\/wp-content\/uploads\/2024\/03\/1c54ba4f-a2cd-439c-839f-05fbb5dcc7c0-e1709260960441-1024x356.jpg 1024w, https:\/\/consejoguerrero.gob.mx\/cpp\/wp-content\/uploads\/2024\/03\/1c54ba4f-a2cd-439c-839f-05fbb5dcc7c0-e1709260960441-300x104.jpg 300w, https:\/\/consejoguerrero.gob.mx\/cpp\/wp-content\/uploads\/2024\/03\/1c54ba4f-a2cd-439c-839f-05fbb5dcc7c0-e1709260960441-768x267.jpg 768w, https:\/\/consejoguerrero.gob.mx\/cpp\/wp-content\/uploads\/2024\/03\/1c54ba4f-a2cd-439c-839f-05fbb5dcc7c0-e1709260960441-280x97.jpg 280w, https:\/\/consejoguerrero.gob.mx\/cpp\/wp-content\/uploads\/2024\/03\/1c54ba4f-a2cd-439c-839f-05fbb5dcc7c0-e1709260960441.jpg 1373w\" sizes=\"auto, (max-width: 1024px) 100vw, 1024px\" \/><\/figure>\n<\/div>\n\n<p class=\" eplus-wrapper eplus-styles-uid-24b8d8\">Consejo Guerrero proyecta que este espacio permita a trav\u00e9s del uso de Inteligencia Artificial desarrollar diversas aplicaciones generando en el Estado de Guerrero, un centro de gesti\u00f3n, monitoreo y predicci\u00f3n que permita atender diversos temas y brindar soluciones eficaces.<\/p>\n\n<p class=\" eplus-wrapper eplus-styles-uid-24b8d8\">Convirti\u00e9ndose en una herramienta interactiva de innovaci\u00f3n tecnol\u00f3gica aplicada a brindar mayor gobernabilidad a la entidad, por lo que se pretende:<\/p>\n\n<ul class=\"eplus-wrapper wp-block-list eplus-styles-uid-a786d0\">\n<li class=\" eplus-wrapper\">Incentivar y acelerar el uso de la Inteligencia Artificial Aplicada (IAA) en beneficio de la sociedad guerrerense, para la atenci\u00f3n a temas prioritarios, enfocada espec\u00edficamente en dar cumplimiento a los 17 Objetivos de Desarrollo Sostenible (ODS) de la Agenda 2030 de Naciones Unidas.<\/li>\n<\/ul>\n\n<ul class=\"eplus-wrapper wp-block-list eplus-styles-uid-3ae500\">\n<li class=\" eplus-wrapper\">Dar cumplimiento a los principios de la Inteligencia Artificial (IA), entre los que se establece el que sea al servicio de las personas y del planeta, impulsando un crecimiento inclusivo, el desarrollo sostenible y el bienestar.<\/li>\n\n\n\n<li class=\" eplus-wrapper\">Contribuir al cumplimiento de los ODS a nivel local y nacional, a trav\u00e9s del desarrollo e implementaci\u00f3n de soluciones basadas en IA.<\/li>\n<\/ul>\n\n<ul class=\"eplus-wrapper wp-block-list eplus-styles-uid-d100f7\">\n<li class=\" eplus-wrapper\">Desarrollar investigaciones y proyectos colaborativos para entrenar y orientar al talento local en IA basada en \u00e9tica y confiabilidad en su implementaci\u00f3n.<\/li>\n<\/ul>","protected":false},"excerpt":{"rendered":"<p>Centro de Innovaci\u00f3n e Inteligencia Artificial del Estado de Guerrero Consejo Guerrero proyecta que este espacio permita a trav\u00e9s del uso de Inteligencia Artificial desarrollar diversas aplicaciones generando en el &#8230;<\/p>\n","protected":false},"author":1,"featured_media":0,"parent":0,"menu_order":0,"comment_status":"closed","ping_status":"closed","template":"","meta":{"advgb_blocks_editor_width":"","advgb_blocks_columns_visual_guide":"","editor_plus_copied_stylings":"{}","footnotes":""},"class_list":["post-2588","page","type-page","status-publish","hentry"],"aioseo_notices":[],"featured_image_src":"","featured_image_src_square":false,"rbea_author_info":{"display_name":"webadmin","author_link":"https:\/\/consejoguerrero.gob.mx\/cpp\/author\/webadmin"},"rbea_excerpt_info":"Centro de Innovaci\u00f3n e Inteligencia Artificial del Estado de Guerrero Consejo Guerrero proyecta que este espacio permita a trav\u00e9s del uso de Inteligencia Artificial desarrollar diversas aplicaciones generando en el ...","coauthors":[],"author_meta":{"author_link":"https:\/\/consejoguerrero.gob.mx\/cpp\/author\/webadmin","display_name":"webadmin"},"relative_dates":{"created":"Publicado 2 a\u00f1os hace","modified":"Actualizado 2 a\u00f1os hace"},"absolute_dates":{"created":"Publicado el marzo 1, 2024","modified":"Actualizado el marzo 1, 2024"},"absolute_dates_time":{"created":"Publicado el marzo 1, 2024 2:53 am","modified":"Actualizado el marzo 1, 2024 3:28 am"},"featured_img_caption":"","featured_img":false,"series_order":"","_links":{"self":[{"href":"https:\/\/consejoguerrero.gob.mx\/cpp\/wp-json\/wp\/v2\/pages\/2588","targetHints":{"allow":["GET"]}}],"collection":[{"href":"https:\/\/consejoguerrero.gob.mx\/cpp\/wp-json\/wp\/v2\/pages"}],"about":[{"href":"https:\/\/consejoguerrero.gob.mx\/cpp\/wp-json\/wp\/v2\/types\/page"}],"author":[{"embeddable":true,"href":"https:\/\/consejoguerrero.gob.mx\/cpp\/wp-json\/wp\/v2\/users\/1"}],"replies":[{"embeddable":true,"href":"https:\/\/consejoguerrero.gob.mx\/cpp\/wp-json\/wp\/v2\/comments?post=2588"}],"version-history":[{"count":3,"href":"https:\/\/consejoguerrero.gob.mx\/cpp\/wp-json\/wp\/v2\/pages\/2588\/revisions"}],"predecessor-version":[{"id":2883,"href":"https:\/\/consejoguerrero.gob.mx\/cpp\/wp-json\/wp\/v2\/pages\/2588\/revisions\/2883"}],"wp:attachment":[{"href":"https:\/\/consejoguerrero.gob.mx\/cpp\/wp-json\/wp\/v2\/media?parent=2588"}],"curies":[{"name":"wp","href":"https:\/\/api.w.org\/{rel}","templated":true}]}}