{"id":2584,"date":"2024-03-01T02:50:14","date_gmt":"2024-03-01T02:50:14","guid":{"rendered":"https:\/\/consejoguerrero.gob.mx\/cpp\/?page_id=2584"},"modified":"2024-03-01T03:22:20","modified_gmt":"2024-03-01T03:22:20","slug":"proyectos-sistema-de-planeacion-estrategica","status":"publish","type":"page","link":"https:\/\/consejoguerrero.gob.mx\/cpp\/proyectos-sistema-de-planeacion-estrategica","title":{"rendered":"Proyectos &#8211; Sistema de Planeaci\u00f3n Estrat\u00e9gica"},"content":{"rendered":"<h2 class=\" wp-block-heading eplus-wrapper eplus-styles-uid-20a215\"><strong>Sistema de Planeaci\u00f3n Estrat\u00e9gica y Desarrollo Social<\/strong><\/h2>\n\n<div class=\"wp-block-image \">\n<figure class=\"aligncenter size-large is-resized eplus-wrapper\"><img loading=\"lazy\" decoding=\"async\" width=\"1024\" height=\"357\" src=\"https:\/\/consejoguerrero.gob.mx\/cpp\/wp-content\/uploads\/2024\/01\/pe4-e1709260803729-1024x357.jpg\" alt=\"\" class=\"wp-image-2526\" style=\"width:462px;height:auto\" srcset=\"https:\/\/consejoguerrero.gob.mx\/cpp\/wp-content\/uploads\/2024\/01\/pe4-e1709260803729-1024x357.jpg 1024w, https:\/\/consejoguerrero.gob.mx\/cpp\/wp-content\/uploads\/2024\/01\/pe4-e1709260803729-300x104.jpg 300w, https:\/\/consejoguerrero.gob.mx\/cpp\/wp-content\/uploads\/2024\/01\/pe4-e1709260803729-768x267.jpg 768w, https:\/\/consejoguerrero.gob.mx\/cpp\/wp-content\/uploads\/2024\/01\/pe4-e1709260803729-280x97.jpg 280w, https:\/\/consejoguerrero.gob.mx\/cpp\/wp-content\/uploads\/2024\/01\/pe4-e1709260803729.jpg 1370w\" sizes=\"auto, (max-width: 1024px) 100vw, 1024px\" \/><\/figure>\n<\/div>\n\n<ul class=\"eplus-wrapper wp-block-list eplus-styles-uid-ce1ac7\"><li class=\" eplus-wrapper eplus-styles-uid-24b8d8\">Consejo Guerrero ha propuesto al Gobierno del Estado de Guerrero,\u00a0 la creaci\u00f3n de un sistema conformado por procesos, instrumentos y organizaci\u00f3n para el dise\u00f1o y ejecuci\u00f3n de pol\u00edticas p\u00fablicas eficaces y eficientes para el Estado de Guerrero, con el objeto de brindar bienestar a la sociedad guerrerense.<\/li>\n\n<li class=\" eplus-wrapper eplus-styles-uid-24b8d8\">Observando los Objetivos de Desarrollo Sostenible de la Agenda 2030, se propone formular los ODS del Estado de Guerrero que respondan a una visi\u00f3n al a\u00f1o 2050.<\/li><\/ul>","protected":false},"excerpt":{"rendered":"<p>Sistema de Planeaci\u00f3n Estrat\u00e9gica y Desarrollo Social<\/p>\n","protected":false},"author":1,"featured_media":0,"parent":0,"menu_order":0,"comment_status":"closed","ping_status":"closed","template":"","meta":{"advgb_blocks_editor_width":"","advgb_blocks_columns_visual_guide":"","editor_plus_copied_stylings":"{}","footnotes":""},"class_list":["post-2584","page","type-page","status-publish","hentry"],"aioseo_notices":[],"featured_image_src":"","featured_image_src_square":false,"rbea_author_info":{"display_name":"webadmin","author_link":"https:\/\/consejoguerrero.gob.mx\/cpp\/author\/webadmin"},"rbea_excerpt_info":"Sistema de Planeaci\u00f3n Estrat\u00e9gica y Desarrollo Social","coauthors":[],"author_meta":{"author_link":"https:\/\/consejoguerrero.gob.mx\/cpp\/author\/webadmin","display_name":"webadmin"},"relative_dates":{"created":"Publicado 2 a\u00f1os hace","modified":"Actualizado 2 a\u00f1os hace"},"absolute_dates":{"created":"Publicado el marzo 1, 2024","modified":"Actualizado el marzo 1, 2024"},"absolute_dates_time":{"created":"Publicado el marzo 1, 2024 2:50 am","modified":"Actualizado el marzo 1, 2024 3:22 am"},"featured_img_caption":"","featured_img":false,"series_order":"","_links":{"self":[{"href":"https:\/\/consejoguerrero.gob.mx\/cpp\/wp-json\/wp\/v2\/pages\/2584","targetHints":{"allow":["GET"]}}],"collection":[{"href":"https:\/\/consejoguerrero.gob.mx\/cpp\/wp-json\/wp\/v2\/pages"}],"about":[{"href":"https:\/\/consejoguerrero.gob.mx\/cpp\/wp-json\/wp\/v2\/types\/page"}],"author":[{"embeddable":true,"href":"https:\/\/consejoguerrero.gob.mx\/cpp\/wp-json\/wp\/v2\/users\/1"}],"replies":[{"embeddable":true,"href":"https:\/\/consejoguerrero.gob.mx\/cpp\/wp-json\/wp\/v2\/comments?post=2584"}],"version-history":[{"count":2,"href":"https:\/\/consejoguerrero.gob.mx\/cpp\/wp-json\/wp\/v2\/pages\/2584\/revisions"}],"predecessor-version":[{"id":2595,"href":"https:\/\/consejoguerrero.gob.mx\/cpp\/wp-json\/wp\/v2\/pages\/2584\/revisions\/2595"}],"wp:attachment":[{"href":"https:\/\/consejoguerrero.gob.mx\/cpp\/wp-json\/wp\/v2\/media?parent=2584"}],"curies":[{"name":"wp","href":"https:\/\/api.w.org\/{rel}","templated":true}]}}