{"id":2577,"date":"2024-03-01T02:25:13","date_gmt":"2024-03-01T02:25:13","guid":{"rendered":"https:\/\/consejoguerrero.gob.mx\/cpp\/?page_id=2577"},"modified":"2024-03-01T03:17:03","modified_gmt":"2024-03-01T03:17:03","slug":"proyectos-sisatagro","status":"publish","type":"page","link":"https:\/\/consejoguerrero.gob.mx\/cpp\/proyectos-sisatagro","title":{"rendered":"Proyectos -SisATAHGro"},"content":{"rendered":"\n<p class=\" eplus-wrapper\"><\/p>\n\n\n<h2 class=\" wp-block-heading eplus-wrapper eplus-styles-uid-2fb16e\">Sistema de Alerta Temprana y Ayuda Humanitaria del Estado de Guerrero<\/h2>\n\n<div class=\"wp-block-image \">\n<figure class=\"aligncenter size-large is-resized eplus-wrapper\"><img loading=\"lazy\" decoding=\"async\" width=\"1024\" height=\"348\" src=\"https:\/\/consejoguerrero.gob.mx\/cpp\/wp-content\/uploads\/2024\/01\/pe2-e1709259715815-1024x348.jpg\" alt=\"\" class=\"wp-image-2524\" style=\"width:456px;height:auto\" srcset=\"https:\/\/consejoguerrero.gob.mx\/cpp\/wp-content\/uploads\/2024\/01\/pe2-e1709259715815-1024x348.jpg 1024w, https:\/\/consejoguerrero.gob.mx\/cpp\/wp-content\/uploads\/2024\/01\/pe2-e1709259715815-300x102.jpg 300w, https:\/\/consejoguerrero.gob.mx\/cpp\/wp-content\/uploads\/2024\/01\/pe2-e1709259715815-768x261.jpg 768w, https:\/\/consejoguerrero.gob.mx\/cpp\/wp-content\/uploads\/2024\/01\/pe2-e1709259715815-280x95.jpg 280w, https:\/\/consejoguerrero.gob.mx\/cpp\/wp-content\/uploads\/2024\/01\/pe2-e1709259715815.jpg 1405w\" sizes=\"auto, (max-width: 1024px) 100vw, 1024px\" \/><\/figure>\n<\/div>\n\n<ul class=\"eplus-wrapper wp-block-list eplus-styles-uid-8d21da\">\n<li class=\" eplus-wrapper\">Considerando que los efectos de los fen\u00f3menos naturales no solo impactan el espacio territorial, pues estos tambi\u00e9n irrumpen en el aspecto social y econ\u00f3mico, y repercuten en el bienestar y en el desarrollo de la poblaci\u00f3n.<\/li>\n\n\n\n<li class=\" eplus-wrapper\">En Consejo Guerrero, actualmente trabajamos en colaboraci\u00f3n de la Agencia Espacial Mexicana (AEM) y nuestros aliados estrat\u00e9gicos, la integraci\u00f3n de una estrategia innovadora, que permita a partir de la implementaci\u00f3n de Tecnolog\u00eda Espacial y el uso de datos e im\u00e1genes satelitales, ayudar a mitigar y reducir los m\u00faltiples efectos que generan estos fen\u00f3menos, proponi\u00e9ndole al Gobierno del Estado de Guerrero, la creaci\u00f3n de una herramienta que le permita atender de forma inmediata y brindar la ayuda humanitaria necesaria para superar de forma eficaz y eficiente las crisis que generan los fen\u00f3menos naturales, a trav\u00e9s de:<\/li>\n<\/ul>\n\n<p class=\" eplus-wrapper eplus-styles-uid-24b8d8\">1. El desarrollo de una herramienta de monitoreo y gesti\u00f3n proactiva especializada en atender la evoluci\u00f3n de diversos fen\u00f3menos naturales, que permita identificar zonas de alto riesgo y marginaci\u00f3n;<\/p>\n\n<p class=\" eplus-wrapper eplus-styles-uid-24b8d8\">2. Incentivando la modernizaci\u00f3n de los sistemas de monitoreo con los que cuentan actualmente las Instituciones de Gesti\u00f3n de Riesgos y Protecci\u00f3n Civil del Estado de Guerrero y sus municipios, a su vez, implementando estrategias efectivas de diseminaci\u00f3n de informaci\u00f3n y alertas tempranas de forma clara y oportuna; y<\/p>\n\n<p class=\" eplus-wrapper eplus-styles-uid-24b8d8\">3. Capacitando al personal de diversas \u00e1reas para la implementaci\u00f3n del uso de tecnolog\u00eda satelital, a trav\u00e9s de UN-SPIDER para la creaci\u00f3n de estrategias de preparaci\u00f3n y atenci\u00f3n de emergencias en todas las escalas temporales de una cat\u00e1strofe, es decir, antes, durante y posterior a un acontecimiento. Con enfoque particular de brindar de forma prioritaria, atenci\u00f3n, seguridad y bienestar a las personas.<\/p>\n\n<ul class=\"eplus-wrapper wp-block-list eplus-styles-uid-2a02ba\">\n<li class=\" eplus-wrapper\">Siendo el Sistema de Alerta Temprana de la Organizaci\u00f3n de las Naciones Unidas (ONU), as\u00ed como el Programa UN-SPIDER administrado por la Oficina de las Naciones Unidas para Asuntos del Espacio Exterior (UNOOSA), y la reci\u00e9n integraci\u00f3n tecnol\u00f3gica de los Big Tech: Google, Microsoft, Amazon y Meta a este sistema, el referente principal de dise\u00f1o de esta estrategia.<\/li>\n<\/ul>","protected":false},"excerpt":{"rendered":"<p>Sistema de Alerta Temprana y Ayuda Humanitaria del Estado de Guerrero 1. El desarrollo de una herramienta de monitoreo y gesti\u00f3n proactiva especializada en atender la evoluci\u00f3n de diversos fen\u00f3menos &#8230;<\/p>\n","protected":false},"author":1,"featured_media":0,"parent":0,"menu_order":0,"comment_status":"closed","ping_status":"closed","template":"","meta":{"advgb_blocks_editor_width":"","advgb_blocks_columns_visual_guide":"","editor_plus_copied_stylings":"{}","footnotes":""},"class_list":["post-2577","page","type-page","status-publish","hentry"],"aioseo_notices":[],"featured_image_src":"","featured_image_src_square":false,"rbea_author_info":{"display_name":"webadmin","author_link":"https:\/\/consejoguerrero.gob.mx\/cpp\/author\/webadmin"},"rbea_excerpt_info":"Sistema de Alerta Temprana y Ayuda Humanitaria del Estado de Guerrero 1. El desarrollo de una herramienta de monitoreo y gesti\u00f3n proactiva especializada en atender la evoluci\u00f3n de diversos fen\u00f3menos ...","coauthors":[],"author_meta":{"author_link":"https:\/\/consejoguerrero.gob.mx\/cpp\/author\/webadmin","display_name":"webadmin"},"relative_dates":{"created":"Publicado 2 a\u00f1os hace","modified":"Actualizado 2 a\u00f1os hace"},"absolute_dates":{"created":"Publicado el marzo 1, 2024","modified":"Actualizado el marzo 1, 2024"},"absolute_dates_time":{"created":"Publicado el marzo 1, 2024 2:25 am","modified":"Actualizado el marzo 1, 2024 3:17 am"},"featured_img_caption":"","featured_img":false,"series_order":"","_links":{"self":[{"href":"https:\/\/consejoguerrero.gob.mx\/cpp\/wp-json\/wp\/v2\/pages\/2577","targetHints":{"allow":["GET"]}}],"collection":[{"href":"https:\/\/consejoguerrero.gob.mx\/cpp\/wp-json\/wp\/v2\/pages"}],"about":[{"href":"https:\/\/consejoguerrero.gob.mx\/cpp\/wp-json\/wp\/v2\/types\/page"}],"author":[{"embeddable":true,"href":"https:\/\/consejoguerrero.gob.mx\/cpp\/wp-json\/wp\/v2\/users\/1"}],"replies":[{"embeddable":true,"href":"https:\/\/consejoguerrero.gob.mx\/cpp\/wp-json\/wp\/v2\/comments?post=2577"}],"version-history":[{"count":6,"href":"https:\/\/consejoguerrero.gob.mx\/cpp\/wp-json\/wp\/v2\/pages\/2577\/revisions"}],"predecessor-version":[{"id":2905,"href":"https:\/\/consejoguerrero.gob.mx\/cpp\/wp-json\/wp\/v2\/pages\/2577\/revisions\/2905"}],"wp:attachment":[{"href":"https:\/\/consejoguerrero.gob.mx\/cpp\/wp-json\/wp\/v2\/media?parent=2577"}],"curies":[{"name":"wp","href":"https:\/\/api.w.org\/{rel}","templated":true}]}}