{"id":2499,"date":"2024-01-29T18:53:52","date_gmt":"2024-01-29T18:53:52","guid":{"rendered":"https:\/\/consejoguerrero.gob.mx\/cpp\/?page_id=2499"},"modified":"2024-01-29T19:27:14","modified_gmt":"2024-01-29T19:27:14","slug":"poa2024","status":"publish","type":"page","link":"https:\/\/consejoguerrero.gob.mx\/cpp\/poa2024","title":{"rendered":"Programa Operativo Anual"},"content":{"rendered":"<h1 class=\" wp-block-heading eplus-wrapper eplus-styles-uid-2fb16e\"><strong>Programa Operativo Anual<\/strong><\/h1>\n\n<p class=\" eplus-wrapper eplus-styles-uid-ae19c7\">El Consejo de Pol\u00edticas P\u00fablicas del Estado de Guerrero (Consejo Guerrero), es un \u00d3rgano Aut\u00f3nomo T\u00e9cnico del Poder Ejecutivo Estatal, que conforme a lo establecido en la Constituci\u00f3n Pol\u00edtica Local tiene como funci\u00f3n central, la planificaci\u00f3n de Pol\u00edticas P\u00fablicas para el desarrollo social del Estado y de los Municipios, a trav\u00e9s del dise\u00f1o, seguimiento y verificaci\u00f3n de resultados dirigidos a la superaci\u00f3n de la pobreza y a la generaci\u00f3n de bienestar.<br>Para dar cumplimiento a su funci\u00f3n Consejo Guerrero para el a\u00f1o 2024, ha generado su Programa Operativo Anual (POA), teniendo como objetivo central: el seguir trabajando en la gesti\u00f3n de estrategias y proyectos enfocados en la superaci\u00f3n de la pobreza, la generaci\u00f3n de bienestar social y el desarrollo integral equilibrado y sostenible del Estado de Guerrero.<br>A trav\u00e9s de 6 acciones centrales Consejo Guerrero presenta su POA 2024, de las cuales 5 son consideradas de car\u00e1cter operativo y tienen por objetivo el fortalecimiento de su funci\u00f3n y una sexta de car\u00e1cter estrat\u00e9gico.<\/p>\n\n\n<div class=\"wp-block-responsive-block-editor-addons-icons-list vertical responsive-block-editor-addons-icon-list__outer-wrap responsive-block-editor-addons-icon-list__layout-vertical responsive-block-editor-addons-ddc4af23-11fe-4714-af5a-896d7c0b03a0\"><div class=\"responsive-block-editor-addons-icon-wrap-ddc4af23-11fe-4714-af5a-896d7c0b03a0 responsive-block-editor-addons-icon-list__wrap\">\n<div class=\"wp-block-responsive-block-editor-addons-icons-list-child responsive-block-editor-addons-icon-list-repeater responsive-block-editor-addons-icon-list__wrapper responsive-block-editor-addons-4bf9f610-6813-459e-a981-faad08060d37\"><div class=\"responsive-block-editor-addons-icon-4bf9f610-6813-459e-a981-faad08060d37 responsive-block-editor-addons-icon-list__content-wrap\"><span class=\"responsive-block-editor-addons-icon-list__source-wrap\"><img decoding=\"async\" class=\"responsive-block-editor-addons-icon-list__source-image\" src=\"https:\/\/consejoguerrero.gob.mx\/cpp\/wp-content\/uploads\/2024\/01\/Captura-de-pantalla-2024-01-29-115557.png\"\/><\/span><div class=\"responsive-block-editor-addons-icon-list__label-wrap\"><div class=\"responsive-block-editor-addons-icon-list__label\">Estableciendo una Agenda de Temas Prioritarios.<\/div><\/div><\/div><\/div>\n\n\n\n<div class=\"wp-block-responsive-block-editor-addons-icons-list-child responsive-block-editor-addons-icon-list-repeater responsive-block-editor-addons-icon-list__wrapper responsive-block-editor-addons-4c236e1c-1226-42ad-911f-643122327b6c\"><div class=\"responsive-block-editor-addons-icon-4c236e1c-1226-42ad-911f-643122327b6c responsive-block-editor-addons-icon-list__content-wrap\"><span class=\"responsive-block-editor-addons-icon-list__source-wrap\"><img decoding=\"async\" class=\"responsive-block-editor-addons-icon-list__source-image\" src=\"https:\/\/consejoguerrero.gob.mx\/cpp\/wp-content\/uploads\/2024\/01\/Captura-de-pantalla-2024-01-29-115617.png\"\/><\/span><div class=\"responsive-block-editor-addons-icon-list__label-wrap\"><div class=\"responsive-block-editor-addons-icon-list__label\">Fortaleciendo su \u00f3rgano asesor con la integraci\u00f3n de nuevos actores e instancias.<\/div><\/div><\/div><\/div>\n\n\n\n<div class=\"wp-block-responsive-block-editor-addons-icons-list-child responsive-block-editor-addons-icon-list-repeater responsive-block-editor-addons-icon-list__wrapper responsive-block-editor-addons-ed0c5100-f969-473c-b3ba-2288f05df5b8\"><div class=\"responsive-block-editor-addons-icon-ed0c5100-f969-473c-b3ba-2288f05df5b8 responsive-block-editor-addons-icon-list__content-wrap\"><span class=\"responsive-block-editor-addons-icon-list__source-wrap\"><img decoding=\"async\" class=\"responsive-block-editor-addons-icon-list__source-image\" src=\"https:\/\/consejoguerrero.gob.mx\/cpp\/wp-content\/uploads\/2024\/01\/Captura-de-pantalla-2024-01-29-115630.png\"\/><\/span><div class=\"responsive-block-editor-addons-icon-list__label-wrap\"><div class=\"responsive-block-editor-addons-icon-list__label\">Generando v\u00ednculos de Cooperaci\u00f3n Internacional con actores estrat\u00e9gicos para la creaci\u00f3n de alianzas con alto valor agregado.<\/div><\/div><\/div><\/div>\n\n\n\n<div class=\"wp-block-responsive-block-editor-addons-icons-list-child responsive-block-editor-addons-icon-list-repeater responsive-block-editor-addons-icon-list__wrapper responsive-block-editor-addons-6e678055-7452-43bf-b574-1b3a0d4c4704\"><div class=\"responsive-block-editor-addons-icon-6e678055-7452-43bf-b574-1b3a0d4c4704 responsive-block-editor-addons-icon-list__content-wrap\"><span class=\"responsive-block-editor-addons-icon-list__source-wrap\"><img decoding=\"async\" class=\"responsive-block-editor-addons-icon-list__source-image\" src=\"https:\/\/consejoguerrero.gob.mx\/cpp\/wp-content\/uploads\/2024\/01\/Captura-de-pantalla-2024-01-29-115646.png\"\/><\/span><div class=\"responsive-block-editor-addons-icon-list__label-wrap\"><div class=\"responsive-block-editor-addons-icon-list__label\">Dise\u00f1ando y creando la Plataforma de Datos del Consejo Guerrero, que funcione como espacio de consulta.<\/div><\/div><\/div><\/div>\n\n\n\n<div class=\"wp-block-responsive-block-editor-addons-icons-list-child responsive-block-editor-addons-icon-list-repeater responsive-block-editor-addons-icon-list__wrapper responsive-block-editor-addons-1d705683-6aaa-4aaf-bd6c-6f41115ec398\"><div class=\"responsive-block-editor-addons-icon-1d705683-6aaa-4aaf-bd6c-6f41115ec398 responsive-block-editor-addons-icon-list__content-wrap\"><span class=\"responsive-block-editor-addons-icon-list__source-wrap\"><img decoding=\"async\" class=\"responsive-block-editor-addons-icon-list__source-image\" src=\"https:\/\/consejoguerrero.gob.mx\/cpp\/wp-content\/uploads\/2024\/01\/Captura-de-pantalla-2024-01-29-115700.png\"\/><\/span><div class=\"responsive-block-editor-addons-icon-list__label-wrap\"><div class=\"responsive-block-editor-addons-icon-list__label\">Mejorando y diversificando nuestra estrategia de comunicaci\u00f3n y difusi\u00f3n de contenido.<\/div><\/div><\/div><\/div>\n<\/div><\/div>\n\n\n\n<p class=\" eplus-wrapper\"><\/p>\n\n\n<p class=\" eplus-wrapper eplus-styles-uid-ae19c7\">La sexta acci\u00f3n denominada: \u201cConsolidaci\u00f3n de proyectos estrat\u00e9gicos\u201d, permitir\u00e1 a Consejo Guerrero seguir desarrollando, mejorando y gestionando sus iniciativas, a trav\u00e9s de la consulta y respaldo de su \u00d3rgano Asesor, para que estas estrategias puedan ser presentadas a la Titular del Poder Ejecutivo del Estado de Guerrero, la Mtra. Evelyn Cecia Salgado Pineda, como herramientas y planes innovadores para el desarrollo de la entidad.<\/p>\n\n<p class=\" eplus-wrapper eplus-styles-uid-ee2b0e\">Proyectos Estrat\u00e9gicos<\/p>\n\n<div class=\"wp-block-columns eplus-wrapper is-layout-flex wp-container-core-columns-is-layout-9d6595d7 wp-block-columns-is-layout-flex eplus-styles-uid-395e49\">\n<div class=\"wp-block-column eplus-wrapper is-layout-flow wp-block-column-is-layout-flow\" style=\"flex-basis:33.33%\">\n<figure class=\" wp-block-image size-large eplus-wrapper\"><img decoding=\"async\" src=\"https:\/\/consejoguerrero.gob.mx\/cpp\/wp-content\/uploads\/2024\/01\/pe1-1-1024x576.jpg\" alt=\"\" class=\"wp-image-2525\"><\/figure>\n<\/div>\n\n\n\n<div class=\"wp-block-column eplus-wrapper is-layout-flow wp-block-column-is-layout-flow\" style=\"flex-basis:66.66%\"><p class=\" eplus-wrapper eplus-styles-uid-2fb16e\"><strong>Guerrero en el Espacio<\/strong><\/p>\n\n<p class=\" eplus-wrapper eplus-styles-uid-24b8d8\">Objetivo: crear el Ecosistema Espacial del Estado de Guerrero, iniciativa que contin\u00faa consolid\u00e1ndose gracias a la suscripci\u00f3n de un Convenio General de Coordinaci\u00f3n celebrado entre el Gobierno del Estado de Guerrero y la Agencia Espacial Mexicana (AEM), y la firma de la Carta Intenci\u00f3n entre la Universidad Aut\u00f3noma de Guerrero (UAGro) y la AEM.<br>Este proyecto pretende alcanzar su objetivo a trav\u00e9s de 3 ejes estrat\u00e9gicos: 1) la formaci\u00f3n de capital humano en ciencias espaciales, 2) proyecto de infraestructura \u201cciudad del conocimiento\u201d en el que se ha proyectado incluir la creaci\u00f3n de un Laboratorio de Observaci\u00f3n de la Tierra del Estado de Guerrero operado por la UAGro , y 3) la aplicaci\u00f3n de tecnolog\u00eda espacial. Dise\u00f1ado en colaboraci\u00f3n con la Agencia Espacial Mexicano y el Dr. Rodolfo Neri Vela, Primer Astronauta Mexicano y miembro destacado del \u00d3rgano  asesor de Consejo Guerrero.<\/p><\/div>\n<\/div>\n\n<div class=\"wp-block-columns eplus-wrapper is-layout-flex wp-container-core-columns-is-layout-9d6595d7 wp-block-columns-is-layout-flex eplus-styles-uid-8c95ae\">\n<div class=\"wp-block-column eplus-wrapper is-layout-flow wp-block-column-is-layout-flow\" style=\"flex-basis:33.33%\">\n<figure class=\" wp-block-image size-large eplus-wrapper\"><img decoding=\"async\" src=\"https:\/\/consejoguerrero.gob.mx\/cpp\/wp-content\/uploads\/2024\/01\/pe2-1024x576.jpg\" alt=\"\" class=\"wp-image-2524\"><\/figure>\n<\/div>\n\n\n\n<div class=\"wp-block-column eplus-wrapper is-layout-flow wp-block-column-is-layout-flow\" style=\"flex-basis:66.66%\"><p class=\" eplus-wrapper eplus-styles-uid-2fb16e\"><strong>Sistema de Alerta Temprana y Ayuda Humanitaria del Estado de Guerrero<\/strong><\/p>\n\n<p class=\" eplus-wrapper eplus-styles-uid-24b8d8\">Objetivo: mitigar y reducir los m\u00faltiples efectos provocados por los fen\u00f3menos meteorol\u00f3gicos, utilizando Tecnolog\u00eda Espacial e Im\u00e1genes Satelitales para proporcionar acceso a datos, informaci\u00f3n y estrategias para la Gesti\u00f3n de Riesgos y toma de decisiones ante situaciones de emergencia, SisATAH-Gro, est\u00e1 dise\u00f1ado en coordinaci\u00f3n de la Agencia Espacial Mexicana y la Universidad Aut\u00f3noma de Guerrero (UAGro).<\/p><\/div>\n<\/div>\n\n<div class=\"wp-block-columns eplus-wrapper is-layout-flex wp-container-core-columns-is-layout-9d6595d7 wp-block-columns-is-layout-flex eplus-styles-uid-fd8d7e\">\n<div class=\"wp-block-column eplus-wrapper is-layout-flow wp-block-column-is-layout-flow\" style=\"flex-basis:33.33%\">\n<figure class=\" wp-block-image size-large eplus-wrapper\"><img decoding=\"async\" src=\"https:\/\/consejoguerrero.gob.mx\/cpp\/wp-content\/uploads\/2024\/01\/pe4-1024x576.jpg\" alt=\"\" class=\"wp-image-2526\"><\/figure>\n<\/div>\n\n\n\n<div class=\"wp-block-column eplus-wrapper is-layout-flow wp-block-column-is-layout-flow\" style=\"flex-basis:66.66%\"><p class=\" eplus-wrapper eplus-styles-uid-2fb16e\"><strong>Sistema de Planeaci\u00f3n Estrat\u00e9gica y Desarrollo Social del Estado de Guerrero<\/strong><\/p>\n\n<p class=\" eplus-wrapper eplus-styles-uid-24b8d8\">Objetivo: mejorar la eficiencia y efectividad del sistema de planeaci\u00f3n del Gobierno del Estado y de los gobiernos municipales as\u00ed como de los organismos paraestatales, se integra por instrumentos y procesos dise\u00f1ados especialmente para mejorar los procesos de planificaci\u00f3n, como lo es el proyecto Visi\u00f3n Guerrero 2050 y el plan estrat\u00e9gico 2050.<\/p><\/div>\n<\/div>\n\n<div class=\"wp-block-columns eplus-wrapper is-layout-flex wp-container-core-columns-is-layout-9d6595d7 wp-block-columns-is-layout-flex eplus-styles-uid-a68830\">\n<div class=\"wp-block-column eplus-wrapper is-layout-flow wp-block-column-is-layout-flow\" style=\"flex-basis:33.33%\">\n<figure class=\" wp-block-image size-large eplus-wrapper\"><img loading=\"lazy\" decoding=\"async\" width=\"1024\" height=\"576\" src=\"https:\/\/consejoguerrero.gob.mx\/cpp\/wp-content\/uploads\/2024\/01\/pe5-1024x576.jpg\" alt=\"\" class=\"wp-image-2528\" srcset=\"https:\/\/consejoguerrero.gob.mx\/cpp\/wp-content\/uploads\/2024\/01\/pe5-1024x576.jpg 1024w, https:\/\/consejoguerrero.gob.mx\/cpp\/wp-content\/uploads\/2024\/01\/pe5-300x169.jpg 300w, https:\/\/consejoguerrero.gob.mx\/cpp\/wp-content\/uploads\/2024\/01\/pe5-768x432.jpg 768w, https:\/\/consejoguerrero.gob.mx\/cpp\/wp-content\/uploads\/2024\/01\/pe5-1536x864.jpg 1536w, https:\/\/consejoguerrero.gob.mx\/cpp\/wp-content\/uploads\/2024\/01\/pe5-280x158.jpg 280w, https:\/\/consejoguerrero.gob.mx\/cpp\/wp-content\/uploads\/2024\/01\/pe5.jpg 1600w\" sizes=\"auto, (max-width: 1024px) 100vw, 1024px\" \/><\/figure>\n<\/div>\n\n\n\n<div class=\"wp-block-column eplus-wrapper is-layout-flow wp-block-column-is-layout-flow\" style=\"flex-basis:66.66%\"><p class=\" eplus-wrapper eplus-styles-uid-2fb16e\"><strong>Ecosistema de Innovaci\u00f3n de Inteligencia Artificial (IA).<\/strong><\/p>\n\n<p class=\" eplus-wrapper eplus-styles-uid-24b8d8\">Objetivo: contribuir al desarrollo tecnol\u00f3gico y sostenible del Estado de Guerrero, ayudando a crear entornos, sistemas y redes inteligentes que permitan generar soluciones a diversos desaf\u00edos, proyect\u00e1ndose como una herramienta de gran utilidad para dar cumplimiento a las metas establecidas por la ONU a trav\u00e9s de los 17 Objetivos de Desarrollo Sostenible de la Agenda 2030.<\/p><\/div>\n<\/div>\n\n<div class=\"wp-block-columns eplus-wrapper is-layout-flex wp-container-core-columns-is-layout-9d6595d7 wp-block-columns-is-layout-flex eplus-styles-uid-0b7683\">\n<div class=\"wp-block-column eplus-wrapper is-layout-flow wp-block-column-is-layout-flow\" style=\"flex-basis:33.33%\">\n<figure class=\" wp-block-image size-large eplus-wrapper\"><img decoding=\"async\" src=\"https:\/\/consejoguerrero.gob.mx\/cpp\/wp-content\/uploads\/2024\/01\/pe6-1024x576.jpg\" alt=\"\" class=\"wp-image-2529\"><\/figure>\n<\/div>\n\n\n\n<div class=\"wp-block-column eplus-wrapper is-layout-flow wp-block-column-is-layout-flow\" style=\"flex-basis:66.66%\"><p class=\" eplus-wrapper eplus-styles-uid-2fb16e\"><strong>Observatorio de igualdad de G\u00e9nero del Estado de Guerrero.<\/strong><\/p>\n\n<p class=\" eplus-wrapper eplus-styles-uid-24b8d8\">Objetivo: poner a disposici\u00f3n de los Gobiernos (Estatal y Municipales), as\u00ed como a instituciones, Academia y Sociedad Civil, indicadores estrat\u00e9gicos de g\u00e9nero, con la visi\u00f3n de contribuir en el proceso de planificaci\u00f3n de pol\u00edticas p\u00fablicas de g\u00e9nero, atendiendo a la justicia distributiva, de reconocimiento, representaci\u00f3n y fortaleciendo de los logros de las mujeres en todas las esferas de su actuaci\u00f3n.<\/p><\/div>\n<\/div>","protected":false},"excerpt":{"rendered":"<p>Programa Operativo Anual El Consejo de Pol\u00edticas P\u00fablicas del Estado de Guerrero (Consejo Guerrero), es un \u00d3rgano Aut\u00f3nomo T\u00e9cnico del Poder Ejecutivo Estatal, que conforme a lo establecido en la &#8230;<\/p>\n","protected":false},"author":3,"featured_media":0,"parent":0,"menu_order":0,"comment_status":"closed","ping_status":"closed","template":"","meta":{"advgb_blocks_editor_width":"","advgb_blocks_columns_visual_guide":"","editor_plus_copied_stylings":"{}","footnotes":""},"class_list":["post-2499","page","type-page","status-publish","hentry"],"aioseo_notices":[],"featured_image_src":"","featured_image_src_square":false,"rbea_author_info":{"display_name":"Consejo Guerrero","author_link":"https:\/\/consejoguerrero.gob.mx\/cpp\/author\/consejo"},"rbea_excerpt_info":"Programa Operativo Anual El Consejo de Pol\u00edticas P\u00fablicas del Estado de Guerrero (Consejo Guerrero), es un \u00d3rgano Aut\u00f3nomo T\u00e9cnico del Poder Ejecutivo Estatal, que conforme a lo establecido en la ...","coauthors":[],"author_meta":{"author_link":"https:\/\/consejoguerrero.gob.mx\/cpp\/author\/consejo","display_name":"Consejo Guerrero"},"relative_dates":{"created":"Publicado 2 a\u00f1os hace","modified":"Actualizado 2 a\u00f1os hace"},"absolute_dates":{"created":"Publicado el enero 29, 2024","modified":"Actualizado el enero 29, 2024"},"absolute_dates_time":{"created":"Publicado el enero 29, 2024 6:53 pm","modified":"Actualizado el enero 29, 2024 7:27 pm"},"featured_img_caption":"","featured_img":false,"series_order":"","_links":{"self":[{"href":"https:\/\/consejoguerrero.gob.mx\/cpp\/wp-json\/wp\/v2\/pages\/2499","targetHints":{"allow":["GET"]}}],"collection":[{"href":"https:\/\/consejoguerrero.gob.mx\/cpp\/wp-json\/wp\/v2\/pages"}],"about":[{"href":"https:\/\/consejoguerrero.gob.mx\/cpp\/wp-json\/wp\/v2\/types\/page"}],"author":[{"embeddable":true,"href":"https:\/\/consejoguerrero.gob.mx\/cpp\/wp-json\/wp\/v2\/users\/3"}],"replies":[{"embeddable":true,"href":"https:\/\/consejoguerrero.gob.mx\/cpp\/wp-json\/wp\/v2\/comments?post=2499"}],"version-history":[{"count":22,"href":"https:\/\/consejoguerrero.gob.mx\/cpp\/wp-json\/wp\/v2\/pages\/2499\/revisions"}],"predecessor-version":[{"id":2569,"href":"https:\/\/consejoguerrero.gob.mx\/cpp\/wp-json\/wp\/v2\/pages\/2499\/revisions\/2569"}],"wp:attachment":[{"href":"https:\/\/consejoguerrero.gob.mx\/cpp\/wp-json\/wp\/v2\/media?parent=2499"}],"curies":[{"name":"wp","href":"https:\/\/api.w.org\/{rel}","templated":true}]}}