{"id":2081,"date":"2023-05-14T06:52:11","date_gmt":"2023-05-14T06:52:11","guid":{"rendered":"https:\/\/consejoguerrero.gob.mx\/cpp\/?page_id=2081"},"modified":"2023-05-22T16:24:07","modified_gmt":"2023-05-22T16:24:07","slug":"comisiones","status":"publish","type":"page","link":"https:\/\/consejoguerrero.gob.mx\/cpp\/comisiones","title":{"rendered":"Comisiones"},"content":{"rendered":"<h1 class=\"wp-block-post-title\">Comisiones<\/h1>\n\n\n<p class=\" eplus-wrapper\" style=\"font-size:16px\">El Consejo Directivo por mandato Constitucional, act\u00faa exclusivamente en pleno, a trav\u00e9s de Comit\u00e9s internos\/ Comisiones que lo apoyan a lograr el cumplimiento de sus funciones. <\/p>\n\n\n\n<p class=\" eplus-wrapper\" style=\"font-size:16px\">Actualmente, Consejo Guerrero act\u00faa a trav\u00e9s de once comisiones dise\u00f1adas para responder e integrar desde una visi\u00f3n com\u00fan, una agenda prioritaria. La cual se articula, moldea y adapta para procurar el bienestar social y la superaci\u00f3n de la pobreza de la poblaci\u00f3n guerrerense.<\/p>\n\n\n\n<p class=\" eplus-wrapper\" style=\"font-size:16px\">Estas comisiones, se integran atendiendo los enfoques de interculturalidad, perspectiva de g\u00e9nero y el respeto, protecci\u00f3n y procuraci\u00f3n irrestricta de los derechos humanos, con el objetivo de<strong> <\/strong>garantizar un trato digno, incluyente y&nbsp; no discriminatorio.&nbsp; Atendiendo cuatro dimensiones centrales: social, de &nbsp;g\u00e9nero, medioambiental y econ\u00f3mica.<\/p>\n\n\n\n<p class=\" eplus-wrapper\" style=\"font-size:16px\">A su vez, nuestras comisiones, se inspiran en los 17 Objetivos de Desarrollo Sostenible de la Agenda 2030 de la Organizaci\u00f3n de Naciones Unidas, atendiendo a su llamado a la acci\u00f3n, para construir estrategias que permitan poner fin a la pobreza, proteger nuestro planeta y mejorar la vida de las personas.<\/p>\n\n\n\n<hr class=\"is-style-dots wp-block-separator has-alpha-channel-opacity eplus-wrapper\"\/>\n\n\n\n<div class=\"wp-block-advgb-accordions advgb-accordions-526d7d6d-c660-4d17-8bd4-fa45e886252e advgb-accordion-wrapper\" data-collapsed=\"true\">\n<div class=\"wp-block-advgb-accordion-item advgb-accordion-item advgb-dyn-8f9f23ed\" style=\"margin-bottom:10px\"><div class=\"advgb-accordion-header\" style=\"background-color:#eeeeee;color:#000000;border-style:solid;border-width:1px;border-radius:2px\"><span class=\"advgb-accordion-header-icon\"><svg fill=\"#cf2e2e\" xmlns=\"http:\/\/www.w3.org\/2000\/svg\" width=\"24\" height=\"24\" viewBox=\"0 0 24 24\"><path fill=\"none\" d=\"M0,0h24v24H0V0z\"><\/path><path d=\"M6,10c-1.1,0-2,0.9-2,2s0.9,2,2,2s2-0.9,2-2S7.1,10,6,10z M18,10c-1.1,0-2,0.9-2,2s0.9,2,2,2s2-0.9,2-2S19.1,10,18,10z M12,10c-1.1,0-2,0.9-2,2s0.9,2,2,2s2-0.9,2-2S13.1,10,12,10z\"><\/path><\/svg><\/span><h3 class=\"advgb-accordion-header-title\" style=\"color:inherit\">Social<\/h3><\/div><div class=\"advgb-accordion-body\" style=\"color:#000000;border-style:solid !important;border-width:1px !important;border-color:undefined !important;border-top:none !important;border-radius:2px !important\"><ul class=\"eplus-wrapper wp-block-list eplus-styles-uid-34180b\">\n<li class=\" eplus-wrapper\"><strong style=\"color: #ab0033;\">Bienestar social y superaci\u00f3n de la pobreza<\/strong><\/li>\n\n\n\n<li class=\" eplus-wrapper\"><strong style=\"color: #4b9f37;\">Acceso, cobertura y dignificaci\u00f3n de la salud<\/strong><\/li>\n\n\n\n<li class=\" eplus-wrapper\"><strong style=\"color: #e4233a;\">Innovaci\u00f3n educativa, cient\u00edfica y\u00a0 tecnol\u00f3gica<\/strong><\/li>\n\n\n\n<li class=\" eplus-wrapper\"><strong style=\"color: #fc6824;\">Arte y cultura<\/strong><\/li>\n\n\n\n<li class=\" eplus-wrapper\"><strong style=\"color: #00679c;\">Construcci\u00f3n de Paz<\/strong><\/li>\n<\/ul><\/div><\/div>\n\n\n\n<div class=\"wp-block-advgb-accordion-item advgb-accordion-item advgb-dyn-f1772d10\" style=\"margin-bottom:10px\"><div class=\"advgb-accordion-header\" style=\"background-color:#eeeeee;color:#000000;border-style:solid;border-width:1px;border-radius:2px\"><span class=\"advgb-accordion-header-icon\"><svg fill=\"#cf2e2e\" xmlns=\"http:\/\/www.w3.org\/2000\/svg\" width=\"24\" height=\"24\" viewBox=\"0 0 24 24\"><path fill=\"none\" d=\"M0,0h24v24H0V0z\"><\/path><path d=\"M6,10c-1.1,0-2,0.9-2,2s0.9,2,2,2s2-0.9,2-2S7.1,10,6,10z M18,10c-1.1,0-2,0.9-2,2s0.9,2,2,2s2-0.9,2-2S19.1,10,18,10z M12,10c-1.1,0-2,0.9-2,2s0.9,2,2,2s2-0.9,2-2S13.1,10,12,10z\"><\/path><\/svg><\/span><h3 class=\"advgb-accordion-header-title\" style=\"color:inherit\">G\u00e9nero<\/h3><\/div><div class=\"advgb-accordion-body\" style=\"color:#000000;border-style:solid !important;border-width:1px !important;border-color:undefined !important;border-top:none !important;border-radius:2px !important\"><ul class=\"eplus-wrapper wp-block-list eplus-styles-uid-99182d\">\n<li class=\" eplus-wrapper\"><strong style=\"color: #b4a7d6;\">Igualdad de g\u00e9nero e Inclusi\u00f3n social.<\/strong><\/li>\n\n\n\n<li class=\" eplus-wrapper\"><strong style=\"color: #dd1267;\">Juventudes.<\/strong><\/li>\n<\/ul><\/div><\/div>\n\n\n\n<div class=\"wp-block-advgb-accordion-item advgb-accordion-item advgb-dyn-0dbcb2c7\" style=\"margin-bottom:10px\"><div class=\"advgb-accordion-header\" style=\"background-color:#eeeeee;color:#000000;border-style:solid;border-width:1px;border-radius:2px\"><span class=\"advgb-accordion-header-icon\"><svg fill=\"#cf2e2e\" xmlns=\"http:\/\/www.w3.org\/2000\/svg\" width=\"24\" height=\"24\" viewBox=\"0 0 24 24\"><path fill=\"none\" d=\"M0,0h24v24H0V0z\"><\/path><path d=\"M6,10c-1.1,0-2,0.9-2,2s0.9,2,2,2s2-0.9,2-2S7.1,10,6,10z M18,10c-1.1,0-2,0.9-2,2s0.9,2,2,2s2-0.9,2-2S19.1,10,18,10z M12,10c-1.1,0-2,0.9-2,2s0.9,2,2,2s2-0.9,2-2S13.1,10,12,10z\"><\/path><\/svg><\/span><h3 class=\"advgb-accordion-header-title\" style=\"color:inherit\">Medioambiental<\/h3><\/div><div class=\"advgb-accordion-body\" style=\"color:#000000;border-style:solid !important;border-width:1px !important;border-color:undefined !important;border-top:none !important;border-radius:2px !important\"><ul class=\"eplus-wrapper wp-block-list eplus-styles-uid-f008c9\">\n<li class=\" eplus-wrapper\"><strong style=\"color: #55bf2a;\">Protecci\u00f3n integral y desarrollo sustentable y sostenible.<\/strong><\/li>\n<\/ul><\/div><\/div>\n\n\n\n<div class=\"wp-block-advgb-accordion-item advgb-accordion-item advgb-dyn-83df3710\" style=\"margin-bottom:10px\"><div class=\"advgb-accordion-header\" style=\"background-color:#eeeeee;color:#000000;border-style:solid;border-width:1px;border-radius:2px\"><span class=\"advgb-accordion-header-icon\"><svg fill=\"#cf2e2e\" xmlns=\"http:\/\/www.w3.org\/2000\/svg\" width=\"24\" height=\"24\" viewBox=\"0 0 24 24\"><path fill=\"none\" d=\"M0,0h24v24H0V0z\"><\/path><path d=\"M6,10c-1.1,0-2,0.9-2,2s0.9,2,2,2s2-0.9,2-2S7.1,10,6,10z M18,10c-1.1,0-2,0.9-2,2s0.9,2,2,2s2-0.9,2-2S19.1,10,18,10z M12,10c-1.1,0-2,0.9-2,2s0.9,2,2,2s2-0.9,2-2S13.1,10,12,10z\"><\/path><\/svg><\/span><h3 class=\"advgb-accordion-header-title\" style=\"color:inherit\">Econ\u00f3mica<\/h3><\/div><div class=\"advgb-accordion-body\" style=\"color:#000000;border-style:solid !important;border-width:1px !important;border-color:undefined !important;border-top:none !important;border-radius:2px !important\"><ul class=\"eplus-wrapper wp-block-list eplus-styles-uid-36405e\">\n<li class=\" eplus-wrapper\"><strong style=\"color: #fcc20a;\">Gesti\u00f3n del desarrollo econ\u00f3mico<\/strong><\/li>\n\n\n\n<li class=\" eplus-wrapper\"><strong style=\"color: #0997d8;\">Hacienda P\u00fablica.<\/strong><\/li>\n\n\n\n<li class=\" eplus-wrapper\"><strong style=\"color: #bf8b2d;\">Gesti\u00f3n y Gobierno eficaz y transparente.<\/strong><\/li>\n<\/ul><\/div><\/div>\n<\/div>\n","protected":false},"excerpt":{"rendered":"<p>El Consejo Directivo por mandato Constitucional, act\u00faa exclusivamente en pleno, a trav\u00e9s de Comit\u00e9s internos\/ Comisiones que lo apoyan a lograr el cumplimiento de sus funciones. Actualmente, Consejo Guerrero act\u00faa &#8230;<\/p>\n","protected":false},"author":1,"featured_media":0,"parent":0,"menu_order":0,"comment_status":"closed","ping_status":"closed","template":"","meta":{"advgb_blocks_editor_width":"","advgb_blocks_columns_visual_guide":"","editor_plus_copied_stylings":"{}","footnotes":""},"class_list":["post-2081","page","type-page","status-publish","hentry"],"aioseo_notices":[],"featured_image_src":"","featured_image_src_square":false,"rbea_author_info":{"display_name":"webadmin","author_link":"https:\/\/consejoguerrero.gob.mx\/cpp\/author\/webadmin"},"rbea_excerpt_info":"El Consejo Directivo por mandato Constitucional, act\u00faa exclusivamente en pleno, a trav\u00e9s de Comit\u00e9s internos\/ Comisiones que lo apoyan a lograr el cumplimiento de sus funciones. Actualmente, Consejo Guerrero act\u00faa ...","coauthors":[],"author_meta":{"author_link":"https:\/\/consejoguerrero.gob.mx\/cpp\/author\/webadmin","display_name":"webadmin"},"relative_dates":{"created":"Publicado 3 a\u00f1os hace","modified":"Actualizado 3 a\u00f1os hace"},"absolute_dates":{"created":"Publicado el mayo 14, 2023","modified":"Actualizado el mayo 22, 2023"},"absolute_dates_time":{"created":"Publicado el mayo 14, 2023 6:52 am","modified":"Actualizado el mayo 22, 2023 4:24 pm"},"featured_img_caption":"","featured_img":false,"series_order":"","_links":{"self":[{"href":"https:\/\/consejoguerrero.gob.mx\/cpp\/wp-json\/wp\/v2\/pages\/2081","targetHints":{"allow":["GET"]}}],"collection":[{"href":"https:\/\/consejoguerrero.gob.mx\/cpp\/wp-json\/wp\/v2\/pages"}],"about":[{"href":"https:\/\/consejoguerrero.gob.mx\/cpp\/wp-json\/wp\/v2\/types\/page"}],"author":[{"embeddable":true,"href":"https:\/\/consejoguerrero.gob.mx\/cpp\/wp-json\/wp\/v2\/users\/1"}],"replies":[{"embeddable":true,"href":"https:\/\/consejoguerrero.gob.mx\/cpp\/wp-json\/wp\/v2\/comments?post=2081"}],"version-history":[{"count":5,"href":"https:\/\/consejoguerrero.gob.mx\/cpp\/wp-json\/wp\/v2\/pages\/2081\/revisions"}],"predecessor-version":[{"id":2234,"href":"https:\/\/consejoguerrero.gob.mx\/cpp\/wp-json\/wp\/v2\/pages\/2081\/revisions\/2234"}],"wp:attachment":[{"href":"https:\/\/consejoguerrero.gob.mx\/cpp\/wp-json\/wp\/v2\/media?parent=2081"}],"curies":[{"name":"wp","href":"https:\/\/api.w.org\/{rel}","templated":true}]}}