{"id":1691,"date":"2022-08-29T06:15:35","date_gmt":"2022-08-29T06:15:35","guid":{"rendered":"https:\/\/consejoguerrero.gob.mx\/cpp\/index.php\/user-blogs\/"},"modified":"2024-05-01T02:23:38","modified_gmt":"2024-05-01T02:23:38","slug":"blog","status":"publish","type":"page","link":"https:\/\/consejoguerrero.gob.mx\/cpp\/blog","title":{"rendered":"Blog del Consejo"},"content":{"rendered":"\n\n<section class=\"responsive-block-editor-addons-block-post-carousel block-e5c008cd-2bc6-4f00-b2c1-2a2fa1f1129d responsive-post-grid  responsive-post__image-position-top featuredpost aligncenter\" data-carouselid=\"e5c008cd-2bc6-4f00-b2c1-2a2fa1f1129d\"><div class=\"responsive-post-slick-carousel-e5c008cd-2bc6-4f00-b2c1-2a2fa1f1129d responsive-post_carousel-equal-height-1 is-carousel columns-3\" data-slick={\"slidesToShow\":3,\"slidesToScroll\":1,\"autoplaySpeed\":2000,\"autoplay\":true,\"infinite\":true,\"pauseOnHover\":true,\"speed\":500,\"arrows\":true,\"dots\":true,\"rtl\":false,\"responsive\":[{\"breakpoint\":976,\"settings\":{\"slidesToShow\":1,\"slidesToScroll\":1}},{\"breakpoint\":767,\"settings\":{\"slidesToShow\":1,\"slidesToScroll\":1}}]}><article id=\"post-3190\" class=\"responsive-block-editor-addons-post-carousel-item post-3190 post type-post status-publish format-standard has-post-thumbnail hentry category-noticias\"><div class=\"responsive-block-editor-addons-post-carousel-inner\"><div class=\"responsive-block-editor-addons-block-post-carousel-image-top\"><a href=\"https:\/\/consejoguerrero.gob.mx\/cpp\/2026\/02\/3190\" rel=\"bookmark\" aria-hidden=\"true\" tabindex=\"-1\"><img loading=\"lazy\" decoding=\"async\" width=\"1060\" height=\"513\" src=\"https:\/\/consejoguerrero.gob.mx\/cpp\/wp-content\/uploads\/2026\/02\/Jaguar-TecNMR.png\" class=\"attachment-full size-full\" alt=\"\" srcset=\"https:\/\/consejoguerrero.gob.mx\/cpp\/wp-content\/uploads\/2026\/02\/Jaguar-TecNMR.png 1060w, https:\/\/consejoguerrero.gob.mx\/cpp\/wp-content\/uploads\/2026\/02\/Jaguar-TecNMR-300x145.png 300w, https:\/\/consejoguerrero.gob.mx\/cpp\/wp-content\/uploads\/2026\/02\/Jaguar-TecNMR-1024x496.png 1024w, https:\/\/consejoguerrero.gob.mx\/cpp\/wp-content\/uploads\/2026\/02\/Jaguar-TecNMR-768x372.png 768w, https:\/\/consejoguerrero.gob.mx\/cpp\/wp-content\/uploads\/2026\/02\/Jaguar-TecNMR-280x136.png 280w\" sizes=\"auto, (max-width: 1060px) 100vw, 1060px\" \/><\/a><\/div><div class=\"responsive-block-editor-addons-block-post-carousel-text-wrap\"><header class=\"responsive-block-editor-addons-block-post-carousel-header\"><h3 class=\"responsive-block-editor-addons-block-post-carousel-title\"><a href=\"https:\/\/consejoguerrero.gob.mx\/cpp\/2026\/02\/3190\" rel=\"bookmark\">\u00a1Guerrero llega al espacio! Lanzan becas para la NASA y proyectan el talento juvenil del estado<\/a><\/h3><div class=\"responsive-block-editor-addons-block-post-carousel-byline\"><time datetime=\"2026-02-27T06:25:43+00:00\" class=\"responsive-block-editor-addons-block-post-carousel-date\" itemprop=\"datePublished\">febrero 27, 2026<\/time><\/div><\/header><div class=\"responsive-block-editor-addons-block-post-carousel-excerpt\"><p>ACAPULCO, Gro. | 24 de febrero de 2026 \u2013 Guerrero ha iniciado su cuenta regresiva hacia las estrellas. El Consejo&hellip;<\/p>\n<p class=\"responsive-block-editor-addons-block-post-carousel-more-link-wrapper\"><a class=\"responsive-block-editor-addons-block-post-carousel-more-link responsive-block-editor-addons-text-link\" href=\"https:\/\/consejoguerrero.gob.mx\/cpp\/2026\/02\/3190\" target=\"\"rel=\"bookmark\">Continue Reading <span class=\"screen-reader-text\">\u00a1Guerrero llega al espacio! Lanzan becas para la NASA y proyectan el talento juvenil del estado<\/span><\/a><\/p><\/div><\/div><\/div><\/article>\n<article id=\"post-3100\" class=\"responsive-block-editor-addons-post-carousel-item post-3100 post type-post status-publish format-standard has-post-thumbnail hentry category-gee\"><div class=\"responsive-block-editor-addons-post-carousel-inner\"><div class=\"responsive-block-editor-addons-block-post-carousel-image-top\"><a href=\"https:\/\/consejoguerrero.gob.mx\/cpp\/2025\/12\/3100\" rel=\"bookmark\" aria-hidden=\"true\" tabindex=\"-1\"><img loading=\"lazy\" decoding=\"async\" width=\"1123\" height=\"794\" src=\"https:\/\/consejoguerrero.gob.mx\/cpp\/wp-content\/uploads\/2025\/12\/Portada-RNV.png\" class=\"attachment-full size-full\" alt=\"\" srcset=\"https:\/\/consejoguerrero.gob.mx\/cpp\/wp-content\/uploads\/2025\/12\/Portada-RNV.png 1123w, https:\/\/consejoguerrero.gob.mx\/cpp\/wp-content\/uploads\/2025\/12\/Portada-RNV-300x212.png 300w, https:\/\/consejoguerrero.gob.mx\/cpp\/wp-content\/uploads\/2025\/12\/Portada-RNV-1024x724.png 1024w, https:\/\/consejoguerrero.gob.mx\/cpp\/wp-content\/uploads\/2025\/12\/Portada-RNV-768x543.png 768w, https:\/\/consejoguerrero.gob.mx\/cpp\/wp-content\/uploads\/2025\/12\/Portada-RNV-280x198.png 280w\" sizes=\"auto, (max-width: 1123px) 100vw, 1123px\" \/><\/a><\/div><div class=\"responsive-block-editor-addons-block-post-carousel-text-wrap\"><header class=\"responsive-block-editor-addons-block-post-carousel-header\"><h3 class=\"responsive-block-editor-addons-block-post-carousel-title\"><a href=\"https:\/\/consejoguerrero.gob.mx\/cpp\/2025\/12\/3100\" rel=\"bookmark\">COMUNICADO DE PRENSA<\/a><\/h3><div class=\"responsive-block-editor-addons-block-post-carousel-byline\"><time datetime=\"2025-12-02T22:41:08+00:00\" class=\"responsive-block-editor-addons-block-post-carousel-date\" itemprop=\"datePublished\">diciembre 2, 2025<\/time><\/div><\/header><div class=\"responsive-block-editor-addons-block-post-carousel-excerpt\"><p>El Consejo Guerrero presenta la obra \u201cRodolfo Neri Vela: De Guerrero al Espacio\u201dUn homenaje al primer astronauta mexicano y referente&hellip;<\/p>\n<p class=\"responsive-block-editor-addons-block-post-carousel-more-link-wrapper\"><a class=\"responsive-block-editor-addons-block-post-carousel-more-link responsive-block-editor-addons-text-link\" href=\"https:\/\/consejoguerrero.gob.mx\/cpp\/2025\/12\/3100\" target=\"\"rel=\"bookmark\">Continue Reading <span class=\"screen-reader-text\">COMUNICADO DE PRENSA<\/span><\/a><\/p><\/div><\/div><\/div><\/article>\n<article id=\"post-2941\" class=\"responsive-block-editor-addons-post-carousel-item post-2941 post type-post status-publish format-standard has-post-thumbnail hentry category-noticias\"><div class=\"responsive-block-editor-addons-post-carousel-inner\"><div class=\"responsive-block-editor-addons-block-post-carousel-image-top\"><a href=\"https:\/\/consejoguerrero.gob.mx\/cpp\/2025\/04\/2941\" rel=\"bookmark\" aria-hidden=\"true\" tabindex=\"-1\"><img loading=\"lazy\" decoding=\"async\" width=\"1120\" height=\"581\" src=\"https:\/\/consejoguerrero.gob.mx\/cpp\/wp-content\/uploads\/2025\/03\/\u00bfQue-son-los-aranceles.jpg\" class=\"attachment-full size-full\" alt=\"\" srcset=\"https:\/\/consejoguerrero.gob.mx\/cpp\/wp-content\/uploads\/2025\/03\/\u00bfQue-son-los-aranceles.jpg 1120w, https:\/\/consejoguerrero.gob.mx\/cpp\/wp-content\/uploads\/2025\/03\/\u00bfQue-son-los-aranceles-300x156.jpg 300w, https:\/\/consejoguerrero.gob.mx\/cpp\/wp-content\/uploads\/2025\/03\/\u00bfQue-son-los-aranceles-1024x531.jpg 1024w, https:\/\/consejoguerrero.gob.mx\/cpp\/wp-content\/uploads\/2025\/03\/\u00bfQue-son-los-aranceles-768x398.jpg 768w, https:\/\/consejoguerrero.gob.mx\/cpp\/wp-content\/uploads\/2025\/03\/\u00bfQue-son-los-aranceles-280x145.jpg 280w\" sizes=\"auto, (max-width: 1120px) 100vw, 1120px\" \/><\/a><\/div><div class=\"responsive-block-editor-addons-block-post-carousel-text-wrap\"><header class=\"responsive-block-editor-addons-block-post-carousel-header\"><h3 class=\"responsive-block-editor-addons-block-post-carousel-title\"><a href=\"https:\/\/consejoguerrero.gob.mx\/cpp\/2025\/04\/2941\" rel=\"bookmark\">M\u00e9xico ante un nuevo embate comercial: Aranceles de EE. UU. amenazan con frenar el crecimiento econ\u00f3mico nacional<\/a><\/h3><div class=\"responsive-block-editor-addons-block-post-carousel-byline\"><time datetime=\"2025-04-01T15:36:16+00:00\" class=\"responsive-block-editor-addons-block-post-carousel-date\" itemprop=\"datePublished\">abril 1, 2025<\/time><\/div><\/header><div class=\"responsive-block-editor-addons-block-post-carousel-excerpt\"><p>A partir de ma\u00f1ana 2 de abril de 2025, entrar\u00e1 en vigor un nuevo paquete de aranceles comerciales impulsado por&hellip;<\/p>\n<p class=\"responsive-block-editor-addons-block-post-carousel-more-link-wrapper\"><a class=\"responsive-block-editor-addons-block-post-carousel-more-link responsive-block-editor-addons-text-link\" href=\"https:\/\/consejoguerrero.gob.mx\/cpp\/2025\/04\/2941\" target=\"\"rel=\"bookmark\">Continue Reading <span class=\"screen-reader-text\">M\u00e9xico ante un nuevo embate comercial: Aranceles de EE. UU. amenazan con frenar el crecimiento econ\u00f3mico nacional<\/span><\/a><\/p><\/div><\/div><\/div><\/article>\n<article id=\"post-2873\" class=\"responsive-block-editor-addons-post-carousel-item post-2873 post type-post status-publish format-standard has-post-thumbnail hentry category-cpp_blog\"><div class=\"responsive-block-editor-addons-post-carousel-inner\"><div class=\"responsive-block-editor-addons-block-post-carousel-image-top\"><a href=\"https:\/\/consejoguerrero.gob.mx\/cpp\/2025\/03\/2873\" rel=\"bookmark\" aria-hidden=\"true\" tabindex=\"-1\"><img loading=\"lazy\" decoding=\"async\" width=\"1200\" height=\"600\" src=\"https:\/\/consejoguerrero.gob.mx\/cpp\/wp-content\/uploads\/2025\/03\/Inversion_privada_en_Mexico_registra_11_trimestres_de_crecimiento.jpg\" class=\"attachment-full size-full\" alt=\"\" srcset=\"https:\/\/consejoguerrero.gob.mx\/cpp\/wp-content\/uploads\/2025\/03\/Inversion_privada_en_Mexico_registra_11_trimestres_de_crecimiento.jpg 1200w, https:\/\/consejoguerrero.gob.mx\/cpp\/wp-content\/uploads\/2025\/03\/Inversion_privada_en_Mexico_registra_11_trimestres_de_crecimiento-300x150.jpg 300w, https:\/\/consejoguerrero.gob.mx\/cpp\/wp-content\/uploads\/2025\/03\/Inversion_privada_en_Mexico_registra_11_trimestres_de_crecimiento-1024x512.jpg 1024w, https:\/\/consejoguerrero.gob.mx\/cpp\/wp-content\/uploads\/2025\/03\/Inversion_privada_en_Mexico_registra_11_trimestres_de_crecimiento-768x384.jpg 768w, https:\/\/consejoguerrero.gob.mx\/cpp\/wp-content\/uploads\/2025\/03\/Inversion_privada_en_Mexico_registra_11_trimestres_de_crecimiento-280x140.jpg 280w\" sizes=\"auto, (max-width: 1200px) 100vw, 1200px\" \/><\/a><\/div><div class=\"responsive-block-editor-addons-block-post-carousel-text-wrap\"><header class=\"responsive-block-editor-addons-block-post-carousel-header\"><h3 class=\"responsive-block-editor-addons-block-post-carousel-title\"><a href=\"https:\/\/consejoguerrero.gob.mx\/cpp\/2025\/03\/2873\" rel=\"bookmark\">Estrategia Econ\u00f3mica de la Presidenta Claudia Sheinbaum ante la imposici\u00f3n de aranceles a las exportaciones mexicanas por el gobierno de los Estados Unidos<\/a><\/h3><div class=\"responsive-block-editor-addons-block-post-carousel-byline\"><time datetime=\"2025-03-10T21:12:18+00:00\" class=\"responsive-block-editor-addons-block-post-carousel-date\" itemprop=\"datePublished\">marzo 10, 2025<\/time><\/div><\/header><div class=\"responsive-block-editor-addons-block-post-carousel-excerpt\"><p>El 9 de marzo de 2025, la presidenta de M\u00e9xico, Claudia Sheinbaum, present\u00f3 cinco acciones estrat\u00e9gicas para fortalecer la econom\u00eda&hellip;<\/p>\n<p class=\"responsive-block-editor-addons-block-post-carousel-more-link-wrapper\"><a class=\"responsive-block-editor-addons-block-post-carousel-more-link responsive-block-editor-addons-text-link\" href=\"https:\/\/consejoguerrero.gob.mx\/cpp\/2025\/03\/2873\" target=\"\"rel=\"bookmark\">Continue Reading <span class=\"screen-reader-text\">Estrategia Econ\u00f3mica de la Presidenta Claudia Sheinbaum ante la imposici\u00f3n de aranceles a las exportaciones mexicanas por el gobierno de los Estados Unidos<\/span><\/a><\/p><\/div><\/div><\/div><\/article>\n<article id=\"post-2852\" class=\"responsive-block-editor-addons-post-carousel-item post-2852 post type-post status-publish format-standard has-post-thumbnail hentry category-noticias\"><div class=\"responsive-block-editor-addons-post-carousel-inner\"><div class=\"responsive-block-editor-addons-block-post-carousel-image-top\"><a href=\"https:\/\/consejoguerrero.gob.mx\/cpp\/2025\/03\/2852\" rel=\"bookmark\" aria-hidden=\"true\" tabindex=\"-1\"><img loading=\"lazy\" decoding=\"async\" width=\"1300\" height=\"730\" src=\"https:\/\/consejoguerrero.gob.mx\/cpp\/wp-content\/uploads\/2025\/03\/large_nota_finanzas_aranceles_a_productos_mexicanos_a76780c94e.webp\" class=\"attachment-full size-full\" alt=\"\" srcset=\"https:\/\/consejoguerrero.gob.mx\/cpp\/wp-content\/uploads\/2025\/03\/large_nota_finanzas_aranceles_a_productos_mexicanos_a76780c94e.webp 1300w, https:\/\/consejoguerrero.gob.mx\/cpp\/wp-content\/uploads\/2025\/03\/large_nota_finanzas_aranceles_a_productos_mexicanos_a76780c94e-300x168.webp 300w, https:\/\/consejoguerrero.gob.mx\/cpp\/wp-content\/uploads\/2025\/03\/large_nota_finanzas_aranceles_a_productos_mexicanos_a76780c94e-1024x575.webp 1024w, https:\/\/consejoguerrero.gob.mx\/cpp\/wp-content\/uploads\/2025\/03\/large_nota_finanzas_aranceles_a_productos_mexicanos_a76780c94e-768x431.webp 768w, https:\/\/consejoguerrero.gob.mx\/cpp\/wp-content\/uploads\/2025\/03\/large_nota_finanzas_aranceles_a_productos_mexicanos_a76780c94e-280x157.webp 280w\" sizes=\"auto, (max-width: 1300px) 100vw, 1300px\" \/><\/a><\/div><div class=\"responsive-block-editor-addons-block-post-carousel-text-wrap\"><header class=\"responsive-block-editor-addons-block-post-carousel-header\"><h3 class=\"responsive-block-editor-addons-block-post-carousel-title\"><a href=\"https:\/\/consejoguerrero.gob.mx\/cpp\/2025\/03\/2852\" rel=\"bookmark\">La Imposici\u00f3n de Aranceles de EE.UU. a M\u00e9xico y su Impacto Econ\u00f3mico<\/a><\/h3><div class=\"responsive-block-editor-addons-block-post-carousel-byline\"><time datetime=\"2025-03-04T06:26:51+00:00\" class=\"responsive-block-editor-addons-block-post-carousel-date\" itemprop=\"datePublished\">marzo 4, 2025<\/time><\/div><\/header><div class=\"responsive-block-editor-addons-block-post-carousel-excerpt\"><p>Situaci\u00f3n Actual: En el d\u00eda de hoy, 4 de marzo de 2025, entran en vigor los aranceles del 25% impuestos&hellip;<\/p>\n<p class=\"responsive-block-editor-addons-block-post-carousel-more-link-wrapper\"><a class=\"responsive-block-editor-addons-block-post-carousel-more-link responsive-block-editor-addons-text-link\" href=\"https:\/\/consejoguerrero.gob.mx\/cpp\/2025\/03\/2852\" target=\"\"rel=\"bookmark\">Continue Reading <span class=\"screen-reader-text\">La Imposici\u00f3n de Aranceles de EE.UU. a M\u00e9xico y su Impacto Econ\u00f3mico<\/span><\/a><\/p><\/div><\/div><\/div><\/article>\n<article id=\"post-2829\" class=\"responsive-block-editor-addons-post-carousel-item post-2829 post type-post status-publish format-standard has-post-thumbnail hentry category-noticias\"><div class=\"responsive-block-editor-addons-post-carousel-inner\"><div class=\"responsive-block-editor-addons-block-post-carousel-image-top\"><a href=\"https:\/\/consejoguerrero.gob.mx\/cpp\/2025\/02\/2829\" rel=\"bookmark\" aria-hidden=\"true\" tabindex=\"-1\"><img loading=\"lazy\" decoding=\"async\" width=\"1600\" height=\"900\" src=\"https:\/\/consejoguerrero.gob.mx\/cpp\/wp-content\/uploads\/2025\/02\/acero.png\" class=\"attachment-full size-full\" alt=\"\" srcset=\"https:\/\/consejoguerrero.gob.mx\/cpp\/wp-content\/uploads\/2025\/02\/acero.png 1600w, https:\/\/consejoguerrero.gob.mx\/cpp\/wp-content\/uploads\/2025\/02\/acero-300x169.png 300w, https:\/\/consejoguerrero.gob.mx\/cpp\/wp-content\/uploads\/2025\/02\/acero-1024x576.png 1024w, https:\/\/consejoguerrero.gob.mx\/cpp\/wp-content\/uploads\/2025\/02\/acero-768x432.png 768w, https:\/\/consejoguerrero.gob.mx\/cpp\/wp-content\/uploads\/2025\/02\/acero-1536x864.png 1536w, https:\/\/consejoguerrero.gob.mx\/cpp\/wp-content\/uploads\/2025\/02\/acero-280x158.png 280w\" sizes=\"auto, (max-width: 1600px) 100vw, 1600px\" \/><\/a><\/div><div class=\"responsive-block-editor-addons-block-post-carousel-text-wrap\"><header class=\"responsive-block-editor-addons-block-post-carousel-header\"><h3 class=\"responsive-block-editor-addons-block-post-carousel-title\"><a href=\"https:\/\/consejoguerrero.gob.mx\/cpp\/2025\/02\/2829\" rel=\"bookmark\">Aranceles al acero y aluminio, antecedentes y posibles reacciones.<\/a><\/h3><div class=\"responsive-block-editor-addons-block-post-carousel-byline\"><time datetime=\"2025-02-11T08:58:33+00:00\" class=\"responsive-block-editor-addons-block-post-carousel-date\" itemprop=\"datePublished\">febrero 11, 2025<\/time><\/div><\/header><div class=\"responsive-block-editor-addons-block-post-carousel-excerpt\"><p>La reacci\u00f3n de M\u00e9xico ante el anuncio de Trump sobre los aranceles al acero y aluminio depender\u00e1 de varios factores&hellip;<\/p>\n<p class=\"responsive-block-editor-addons-block-post-carousel-more-link-wrapper\"><a class=\"responsive-block-editor-addons-block-post-carousel-more-link responsive-block-editor-addons-text-link\" href=\"https:\/\/consejoguerrero.gob.mx\/cpp\/2025\/02\/2829\" target=\"\"rel=\"bookmark\">Continue Reading <span class=\"screen-reader-text\">Aranceles al acero y aluminio, antecedentes y posibles reacciones.<\/span><\/a><\/p><\/div><\/div><\/div><\/article>\n<\/div><\/section>","protected":false},"excerpt":{"rendered":"","protected":false},"author":1,"featured_media":0,"parent":0,"menu_order":0,"comment_status":"closed","ping_status":"closed","template":"","meta":{"advgb_blocks_editor_width":"","advgb_blocks_columns_visual_guide":"","editor_plus_copied_stylings":"{}","footnotes":""},"class_list":["post-1691","page","type-page","status-publish","hentry"],"aioseo_notices":[],"featured_image_src":"","featured_image_src_square":false,"rbea_author_info":{"display_name":"webadmin","author_link":"https:\/\/consejoguerrero.gob.mx\/cpp\/author\/webadmin"},"rbea_excerpt_info":null,"coauthors":[],"author_meta":{"author_link":"https:\/\/consejoguerrero.gob.mx\/cpp\/author\/webadmin","display_name":"webadmin"},"relative_dates":{"created":"Publicado 4 a\u00f1os hace","modified":"Actualizado 2 a\u00f1os hace"},"absolute_dates":{"created":"Publicado el agosto 29, 2022","modified":"Actualizado el mayo 1, 2024"},"absolute_dates_time":{"created":"Publicado el agosto 29, 2022 6:15 am","modified":"Actualizado el mayo 1, 2024 2:23 am"},"featured_img_caption":"","featured_img":false,"series_order":"","_links":{"self":[{"href":"https:\/\/consejoguerrero.gob.mx\/cpp\/wp-json\/wp\/v2\/pages\/1691","targetHints":{"allow":["GET"]}}],"collection":[{"href":"https:\/\/consejoguerrero.gob.mx\/cpp\/wp-json\/wp\/v2\/pages"}],"about":[{"href":"https:\/\/consejoguerrero.gob.mx\/cpp\/wp-json\/wp\/v2\/types\/page"}],"author":[{"embeddable":true,"href":"https:\/\/consejoguerrero.gob.mx\/cpp\/wp-json\/wp\/v2\/users\/1"}],"replies":[{"embeddable":true,"href":"https:\/\/consejoguerrero.gob.mx\/cpp\/wp-json\/wp\/v2\/comments?post=1691"}],"version-history":[{"count":25,"href":"https:\/\/consejoguerrero.gob.mx\/cpp\/wp-json\/wp\/v2\/pages\/1691\/revisions"}],"predecessor-version":[{"id":2655,"href":"https:\/\/consejoguerrero.gob.mx\/cpp\/wp-json\/wp\/v2\/pages\/1691\/revisions\/2655"}],"wp:attachment":[{"href":"https:\/\/consejoguerrero.gob.mx\/cpp\/wp-json\/wp\/v2\/media?parent=1691"}],"curies":[{"name":"wp","href":"https:\/\/api.w.org\/{rel}","templated":true}]}}